{"id":6430,"date":"2016-04-27T06:29:45","date_gmt":"2016-04-27T06:29:45","guid":{"rendered":"http:\/\/dev.wequp.com\/gogreen\/?page_id=6430"},"modified":"2024-03-19T17:02:20","modified_gmt":"2024-03-19T17:02:20","slug":"food-safety","status":"publish","type":"page","link":"https:\/\/alimentospreformados.com.mx\/en\/food-safety\/","title":{"rendered":"FOOD SAFETY"},"content":{"rendered":"<section class=\"w-section w-full no-padding\">\r\n<div class=\"row\"><div class=\"col col-12 no-padding\">\r\n    <div class=\"col-inner\"><div class=\"w-section-separator w-5 w-top\">\r\n                <svg xmlns=\"http:\/\/www.w3.org\/2000\/svg\" xmlns:xlink=\"http:\/\/www.w3.org\/1999\/xlink\" viewbox=\"0 0 100 50\" preserveaspectratio=\"none\">\r\n                <polygon fill=\"#3b6299\" points=\"0,0 50,48 100,0 100,50 0,50\" \/>\r\n                <polygon fill=\"#ffffff\" points=\"0,25 50,48 100,25 100,50 0,50\" \/>\r\n            <\/svg>          \r\n                \r\n<\/div><\/div><\/div><\/div><\/section><section class=\"w-section\">\r\n<div class=\"row\"><div class=\"col col-12\">\r\n    <div class=\"col-inner\"><div class=\"w-space\" style=\"height:30px\"><\/div><\/div><\/div><\/div><\/section><section class=\"w-section vc_custom_1461762864110\">\r\n<div class=\"row\"><div class=\"col col-8\">\r\n    <div class=\"col-inner\"><div class=\"w-image text-center\">\n                <\/div>\n<div class=\"w-space\" style=\"height:30px\"><\/div><div class=\"w-image-gallery\">\r\n    <div class=\"owl-carousel\" data-items=\"3\" data-navigation=\"true\" data-pagination=\"false\" data-loop=\"false\" data-auto-play=\"true\" data-speed=\"4\">\r\n                    <div class=\"\">\r\n                                <a href=\"https:\/\/alimentospreformados.com.mx\/wp-content\/uploads\/2022\/08\/Carousel-01.jpg\" data-rel=\"lightcase:gallery-90\">\r\n        <img loading=\"lazy\" decoding=\"async\" width=\"895\" height=\"600\" src=\"https:\/\/alimentospreformados.com.mx\/wp-content\/uploads\/2022\/08\/Carousel-01.jpg\" class=\"cover-image\" alt=\"\" srcset=\"https:\/\/alimentospreformados.com.mx\/wp-content\/uploads\/2022\/08\/Carousel-01.jpg 895w, https:\/\/alimentospreformados.com.mx\/wp-content\/uploads\/2022\/08\/Carousel-01-300x201.jpg 300w, https:\/\/alimentospreformados.com.mx\/wp-content\/uploads\/2022\/08\/Carousel-01-768x515.jpg 768w, https:\/\/alimentospreformados.com.mx\/wp-content\/uploads\/2022\/08\/Carousel-01-640x429.jpg 640w\" sizes=\"(max-width: 895px) 100vw, 895px\" \/>        <\/a>\r\n                <\/div>\r\n                    <div class=\"\">\r\n                                <a href=\"https:\/\/alimentospreformados.com.mx\/wp-content\/uploads\/2022\/08\/Carousel-02.jpg\" data-rel=\"lightcase:gallery-90\">\r\n        <img loading=\"lazy\" decoding=\"async\" width=\"895\" height=\"600\" src=\"https:\/\/alimentospreformados.com.mx\/wp-content\/uploads\/2022\/08\/Carousel-02.jpg\" class=\"cover-image\" alt=\"\" srcset=\"https:\/\/alimentospreformados.com.mx\/wp-content\/uploads\/2022\/08\/Carousel-02.jpg 895w, https:\/\/alimentospreformados.com.mx\/wp-content\/uploads\/2022\/08\/Carousel-02-300x201.jpg 300w, https:\/\/alimentospreformados.com.mx\/wp-content\/uploads\/2022\/08\/Carousel-02-768x515.jpg 768w, https:\/\/alimentospreformados.com.mx\/wp-content\/uploads\/2022\/08\/Carousel-02-640x429.jpg 640w\" sizes=\"(max-width: 895px) 100vw, 895px\" \/>        <\/a>\r\n                <\/div>\r\n                    <div class=\"\">\r\n                                <a href=\"https:\/\/alimentospreformados.com.mx\/wp-content\/uploads\/2022\/08\/Carousel-03.jpg\" data-rel=\"lightcase:gallery-90\">\r\n        <img loading=\"lazy\" decoding=\"async\" width=\"895\" height=\"600\" src=\"https:\/\/alimentospreformados.com.mx\/wp-content\/uploads\/2022\/08\/Carousel-03.jpg\" class=\"cover-image\" alt=\"\" srcset=\"https:\/\/alimentospreformados.com.mx\/wp-content\/uploads\/2022\/08\/Carousel-03.jpg 895w, https:\/\/alimentospreformados.com.mx\/wp-content\/uploads\/2022\/08\/Carousel-03-300x201.jpg 300w, https:\/\/alimentospreformados.com.mx\/wp-content\/uploads\/2022\/08\/Carousel-03-768x515.jpg 768w, https:\/\/alimentospreformados.com.mx\/wp-content\/uploads\/2022\/08\/Carousel-03-640x429.jpg 640w\" sizes=\"(max-width: 895px) 100vw, 895px\" \/>        <\/a>\r\n                <\/div>\r\n                    <div class=\"\">\r\n                                <a href=\"https:\/\/alimentospreformados.com.mx\/wp-content\/uploads\/2022\/08\/Carousel-04.jpg\" data-rel=\"lightcase:gallery-90\">\r\n        <img loading=\"lazy\" decoding=\"async\" width=\"895\" height=\"600\" src=\"https:\/\/alimentospreformados.com.mx\/wp-content\/uploads\/2022\/08\/Carousel-04.jpg\" class=\"cover-image\" alt=\"\" srcset=\"https:\/\/alimentospreformados.com.mx\/wp-content\/uploads\/2022\/08\/Carousel-04.jpg 895w, https:\/\/alimentospreformados.com.mx\/wp-content\/uploads\/2022\/08\/Carousel-04-300x201.jpg 300w, https:\/\/alimentospreformados.com.mx\/wp-content\/uploads\/2022\/08\/Carousel-04-768x515.jpg 768w, https:\/\/alimentospreformados.com.mx\/wp-content\/uploads\/2022\/08\/Carousel-04-640x429.jpg 640w\" sizes=\"(max-width: 895px) 100vw, 895px\" \/>        <\/a>\r\n                <\/div>\r\n                    <div class=\"\">\r\n                                <a href=\"https:\/\/alimentospreformados.com.mx\/wp-content\/uploads\/2022\/08\/Carousel-05-iStock-135169725-Copiar.jpg\" data-rel=\"lightcase:gallery-90\">\r\n        <img loading=\"lazy\" decoding=\"async\" width=\"895\" height=\"600\" src=\"https:\/\/alimentospreformados.com.mx\/wp-content\/uploads\/2022\/08\/Carousel-05-iStock-135169725-Copiar.jpg\" class=\"cover-image\" alt=\"\" srcset=\"https:\/\/alimentospreformados.com.mx\/wp-content\/uploads\/2022\/08\/Carousel-05-iStock-135169725-Copiar.jpg 895w, https:\/\/alimentospreformados.com.mx\/wp-content\/uploads\/2022\/08\/Carousel-05-iStock-135169725-Copiar-300x201.jpg 300w, https:\/\/alimentospreformados.com.mx\/wp-content\/uploads\/2022\/08\/Carousel-05-iStock-135169725-Copiar-768x515.jpg 768w, https:\/\/alimentospreformados.com.mx\/wp-content\/uploads\/2022\/08\/Carousel-05-iStock-135169725-Copiar-640x429.jpg 640w\" sizes=\"(max-width: 895px) 100vw, 895px\" \/>        <\/a>\r\n                <\/div>\r\n                    <div class=\"\">\r\n                                <a href=\"https:\/\/alimentospreformados.com.mx\/wp-content\/uploads\/2022\/08\/Carousel-06.jpg\" data-rel=\"lightcase:gallery-90\">\r\n        <img loading=\"lazy\" decoding=\"async\" width=\"895\" height=\"600\" src=\"https:\/\/alimentospreformados.com.mx\/wp-content\/uploads\/2022\/08\/Carousel-06.jpg\" class=\"cover-image\" alt=\"\" srcset=\"https:\/\/alimentospreformados.com.mx\/wp-content\/uploads\/2022\/08\/Carousel-06.jpg 895w, https:\/\/alimentospreformados.com.mx\/wp-content\/uploads\/2022\/08\/Carousel-06-300x201.jpg 300w, https:\/\/alimentospreformados.com.mx\/wp-content\/uploads\/2022\/08\/Carousel-06-768x515.jpg 768w, https:\/\/alimentospreformados.com.mx\/wp-content\/uploads\/2022\/08\/Carousel-06-640x429.jpg 640w\" sizes=\"(max-width: 895px) 100vw, 895px\" \/>        <\/a>\r\n                <\/div>\r\n                    <div class=\"\">\r\n                                <a href=\"https:\/\/alimentospreformados.com.mx\/wp-content\/uploads\/2022\/08\/carousel-07-iStock-1221692332-Copiar.jpg\" data-rel=\"lightcase:gallery-90\">\r\n        <img loading=\"lazy\" decoding=\"async\" width=\"1280\" height=\"853\" src=\"https:\/\/alimentospreformados.com.mx\/wp-content\/uploads\/2022\/08\/carousel-07-iStock-1221692332-Copiar.jpg\" class=\"cover-image\" alt=\"\" srcset=\"https:\/\/alimentospreformados.com.mx\/wp-content\/uploads\/2022\/08\/carousel-07-iStock-1221692332-Copiar.jpg 1280w, https:\/\/alimentospreformados.com.mx\/wp-content\/uploads\/2022\/08\/carousel-07-iStock-1221692332-Copiar-300x200.jpg 300w, https:\/\/alimentospreformados.com.mx\/wp-content\/uploads\/2022\/08\/carousel-07-iStock-1221692332-Copiar-1024x682.jpg 1024w, https:\/\/alimentospreformados.com.mx\/wp-content\/uploads\/2022\/08\/carousel-07-iStock-1221692332-Copiar-768x512.jpg 768w, https:\/\/alimentospreformados.com.mx\/wp-content\/uploads\/2022\/08\/carousel-07-iStock-1221692332-Copiar-640x427.jpg 640w\" sizes=\"(max-width: 1280px) 100vw, 1280px\" \/>        <\/a>\r\n                <\/div>\r\n                    <div class=\"\">\r\n                                <a href=\"https:\/\/alimentospreformados.com.mx\/wp-content\/uploads\/2022\/08\/Carousel-08.jpg\" data-rel=\"lightcase:gallery-90\">\r\n        <img loading=\"lazy\" decoding=\"async\" width=\"895\" height=\"600\" src=\"https:\/\/alimentospreformados.com.mx\/wp-content\/uploads\/2022\/08\/Carousel-08.jpg\" class=\"cover-image\" alt=\"\" srcset=\"https:\/\/alimentospreformados.com.mx\/wp-content\/uploads\/2022\/08\/Carousel-08.jpg 895w, https:\/\/alimentospreformados.com.mx\/wp-content\/uploads\/2022\/08\/Carousel-08-300x201.jpg 300w, https:\/\/alimentospreformados.com.mx\/wp-content\/uploads\/2022\/08\/Carousel-08-768x515.jpg 768w, https:\/\/alimentospreformados.com.mx\/wp-content\/uploads\/2022\/08\/Carousel-08-640x429.jpg 640w\" sizes=\"(max-width: 895px) 100vw, 895px\" \/>        <\/a>\r\n                <\/div>\r\n                    <div class=\"\">\r\n                                <a href=\"https:\/\/alimentospreformados.com.mx\/wp-content\/uploads\/2022\/08\/iStock-1334261789.jpg\" data-rel=\"lightcase:gallery-90\">\r\n        <img loading=\"lazy\" decoding=\"async\" width=\"1280\" height=\"855\" src=\"https:\/\/alimentospreformados.com.mx\/wp-content\/uploads\/2022\/08\/iStock-1334261789-1280x855.jpg\" class=\"cover-image\" alt=\"\" srcset=\"https:\/\/alimentospreformados.com.mx\/wp-content\/uploads\/2022\/08\/iStock-1334261789-1280x855.jpg 1280w, https:\/\/alimentospreformados.com.mx\/wp-content\/uploads\/2022\/08\/iStock-1334261789-300x200.jpg 300w, https:\/\/alimentospreformados.com.mx\/wp-content\/uploads\/2022\/08\/iStock-1334261789-1024x684.jpg 1024w, https:\/\/alimentospreformados.com.mx\/wp-content\/uploads\/2022\/08\/iStock-1334261789-768x513.jpg 768w, https:\/\/alimentospreformados.com.mx\/wp-content\/uploads\/2022\/08\/iStock-1334261789-1536x1026.jpg 1536w, https:\/\/alimentospreformados.com.mx\/wp-content\/uploads\/2022\/08\/iStock-1334261789-2048x1368.jpg 2048w, https:\/\/alimentospreformados.com.mx\/wp-content\/uploads\/2022\/08\/iStock-1334261789-640x427.jpg 640w\" sizes=\"(max-width: 1280px) 100vw, 1280px\" \/>        <\/a>\r\n                <\/div>\r\n        <\/div>\r\n<\/div><div class=\"row no-padding\">\r\n    <div class=\"col col-12 hidden-lg no-padding\">\r\n    <div class=\"col-inner\"><div class=\"w-space\" style=\"height:30px\"><\/div><\/div><\/div><\/div><\/div><\/div><div class=\"col col-4\">\r\n    <div class=\"col-inner\"><div class=\"w-heading heading-1 text-left\">\r\n    <div class=\"w-wrapper\">\r\n                 \r\n        <h2>           \r\n            Food safety        <\/h2>\r\n                    <\/div>\r\n<\/div><div class=\"w-space\" style=\"height:20px\"><\/div><div class=\"w-text-block\">\n    <p>We focus on maintaining an environment that exceeds the highest safety standards to produce our products.<\/p>\n<p>Under the direction of our quality assurance team, we maintain rigorous quality control in our products with strict adherence to customer specifications, federal regulations and continuous third-party audits, all to establish procedures that guarantee high quality and safety. of our products.<\/p>\n<p>Our operations are based on a HACCP program (Hazard Analysis Critical Control Point) approved by different authorities. This program guides our entire process, from the receipt of raw materials and materials to the final shipment of the packaged product.<\/p>\n<p>We have a documented quality control program at all times, a written hazard analysis, multiple identification procedures, monitoring and verification of critical control points (CCP), critical limits and corrective actions.<\/p>\n<\/div><\/div><\/div><\/div><\/section><section class=\"w-section\">\r\n<div class=\"row\"><div class=\"col col-12\">\r\n    <div class=\"col-inner\"><div class=\"w-space\" style=\"height:30px\"><\/div><\/div><\/div><\/div><\/section><section class=\"w-section w-full no-padding\" style=\"background-color:#614b3d\">\r\n<div class=\"row\"><div class=\"col col-2 no-padding\">\r\n    <div class=\"col-inner\"><\/div><\/div><div class=\"col col-8\">\r\n    <div class=\"col-inner\"><div class=\"w-image text-left\">\n            <img loading=\"lazy\" decoding=\"async\" width=\"2048\" height=\"454\" src=\"https:\/\/alimentospreformados.com.mx\/wp-content\/uploads\/2022\/08\/El-que-da-ya-quedo-juntos-1-2048x454-1.png\" class=\"attachment-full size-full\" alt=\"\" srcset=\"https:\/\/alimentospreformados.com.mx\/wp-content\/uploads\/2022\/08\/El-que-da-ya-quedo-juntos-1-2048x454-1.png 2048w, https:\/\/alimentospreformados.com.mx\/wp-content\/uploads\/2022\/08\/El-que-da-ya-quedo-juntos-1-2048x454-1-300x67.png 300w, https:\/\/alimentospreformados.com.mx\/wp-content\/uploads\/2022\/08\/El-que-da-ya-quedo-juntos-1-2048x454-1-1024x227.png 1024w, https:\/\/alimentospreformados.com.mx\/wp-content\/uploads\/2022\/08\/El-que-da-ya-quedo-juntos-1-2048x454-1-768x170.png 768w, https:\/\/alimentospreformados.com.mx\/wp-content\/uploads\/2022\/08\/El-que-da-ya-quedo-juntos-1-2048x454-1-1536x341.png 1536w, https:\/\/alimentospreformados.com.mx\/wp-content\/uploads\/2022\/08\/El-que-da-ya-quedo-juntos-1-2048x454-1-640x142.png 640w, https:\/\/alimentospreformados.com.mx\/wp-content\/uploads\/2022\/08\/El-que-da-ya-quedo-juntos-1-2048x454-1-1280x284.png 1280w\" sizes=\"(max-width: 2048px) 100vw, 2048px\" \/>    <\/div>\n<div class=\"w-space\" style=\"height:50px\"><\/div><div class=\"w-text-block\">\n    <p style=\"text-align: center; color: white;\">We are inspected by different entities that evaluate and regulate<br \/>\nour Food Safety standards.<\/p>\n<\/div><div class=\"w-space\" style=\"height:50px\"><\/div><\/div><\/div><div class=\"col col-2\">\r\n    <div class=\"col-inner\"><\/div><\/div><\/div><\/section><section class=\"w-section\">\r\n<div class=\"row\"><div class=\"col col-12\">\r\n    <div class=\"col-inner\"><div class=\"w-space\" style=\"height:150px\"><\/div><\/div><\/div><\/div><\/section><section class=\"w-section\">\r\n<div class=\"row\"><div class=\"col col-12\">\r\n    <div class=\"col-inner\"><div class=\"w-text-block\">\n    <\/div><\/div><\/div><\/div><\/section><section class=\"w-section w-full no-padding\" style=\"z-index:50\">\r\n<div class=\"row\"><div class=\"col col-12 no-padding\">\r\n    <div class=\"col-inner\"><div class=\"w-section-separator w-1 w-top\">\r\n                <svg xmlns=\"http:\/\/www.w3.org\/2000\/svg\" xmlns:xlink=\"http:\/\/www.w3.org\/1999\/xlink\" viewbox=\"0 0 100 50\" preserveaspectratio=\"none\">\r\n                <polygon fill=\"#3b6299\" points=\"0,0 25,15 25,50 0,50\" \/>\r\n                <polygon fill=\"#3b6299\" points=\"100,0 100,50 75,50\" \/>\r\n                <polygon fill=\"#1f1f1f\" points=\"0,50 25,15 75,48 100,30 100,50\" \/>\r\n            <\/svg>        \r\n                \r\n<\/div><\/div><\/div><\/div><\/section><section class=\"w-section w-text-light l-padding\" style=\"background-color:#1f1f1f\">\r\n<div class=\"section-background\"><div class=\"bg-wrapper bg-image\" style=\"background-image:url(https:\/\/alimentospreformados.com.mx\/wp-content\/uploads\/2022\/08\/hamburguesa-recortada-opaca-640x223-1.png);background-position:center center\"><\/div><\/div><div class=\"row\"><div class=\"col col-4\">\r\n    <div class=\"col-inner\"><\/div><\/div><div class=\"col col-4\">\r\n    <div class=\"col-inner\"><\/div><\/div><div class=\"col col-4\">\r\n    <div class=\"col-inner\"><div class=\"w-heading heading-9 text-left\">\r\n    <div class=\"w-wrapper\">\r\n                 \r\n        <h2>           \r\n            <span>CONTACT<\/span>        <\/h2>\r\n                    <\/div>\r\n<\/div><div class=\"w-space\" style=\"height:5px\"><\/div><div class=\"w-text-block\">\n    <p>Please contact us for any<br \/>\nquestion or concern.<\/p>\n<\/div><div class=\"w-separator no-text text-left\" style=\"color:#cccccc;width:100%\">\r\n    <span class=\"w-border-left\" style=\"border-style:dotted;border-top-width:1px;border-color:#cccccc\"><\/span>\r\n    <span class=\"w-text\">\r\n                            <\/span>\r\n    <span class=\"w-border-right\" style=\"border-style:dotted;border-top-width:1px;border-color:#cccccc\"><\/span>\r\n<\/div><div class=\"w-text-block\">\n    <p><a href=\"https:\/\/www.google.com\/maps\/dir\/alimentos+preformados+sa+de+cv\/data=!4m6!4m5!1m1!4e2!1m2!1m1!1s0x8429eefb1db9a9eb:0x71f9c17119f19f3b?sa=X&amp;ved=2ahUKEwj3qNOj2bT3AhX4C0QIHQSLCtoQ9Rd6BAhTEAQ\">Av. Universidad 602 &#8211; 10<\/a><br \/>\n<a href=\"https:\/\/www.google.com\/maps\/dir\/alimentos+preformados+sa+de+cv\/data=!4m6!4m5!1m1!4e2!1m2!1m1!1s0x8429eefb1db9a9eb:0x71f9c17119f19f3b?sa=X&amp;ved=2ahUKEwj3qNOj2bT3AhX4C0QIHQSLCtoQ9Rd6BAhTEAQ\">Col. Unidad Ganadera CP 20130<\/a><br \/>\n<a href=\"https:\/\/www.google.com\/maps\/dir\/alimentos+preformados+sa+de+cv\/data=!4m6!4m5!1m1!4e2!1m2!1m1!1s0x8429eefb1db9a9eb:0x71f9c17119f19f3b?sa=X&amp;ved=2ahUKEwj3qNOj2bT3AhX4C0QIHQSLCtoQ9Rd6BAhTEAQ\">Aguascalientes, M\u00e9xico<\/a><u><a href=\"https:\/\/www.google.com\/maps\/dir\/alimentos+preformados+sa+de+cv\/data=!4m6!4m5!1m1!4e2!1m2!1m1!1s0x8429eefb1db9a9eb:0x71f9c17119f19f3b?sa=X&amp;ved=2ahUKEwj3qNOj2bT3AhX4C0QIHQSLCtoQ9Rd6BAhTEAQ\"><br \/>\n<\/a><\/u>Tel: <a href=\"tel: 4499143180\">+52 449 914 31 80<\/a><br \/>\nE-mail: <a href=\"mailto:contacto@alimentospreformados.com.mx\">contacto@alimentospreformados.com.mx<\/a><\/p>\n<\/div><div class=\"w-space\" style=\"height:15px\"><\/div><a class=\"w-button vc_custom_1661376555596\" style=\"border-color:#efefef;background-color:#efefef;;color:#000000\" href=\"https:\/\/alimentospreformados.com.mx\/en\/contacto\/\">\r\n    <span>CONTACT US<\/span>\r\n<\/a><div class=\"w-space\" style=\"height:105px\"><\/div><\/div><\/div><\/div><\/section>","protected":false},"excerpt":{"rendered":"Food safety Nos enfocamos en mantener un entorno que excede los m\u00e1s altos est\u00e1ndares de inocuidad para producir nuestros productos. Bajo la direcci\u00f3n de nuestro equipo de aseguramiento de calidad, mantenemos un riguroso control de calidad en nuestros productos con estricto apego a las especificaciones del cliente, regulaciones federales y de continuas auditorias de terceros, [...]","protected":false},"author":1,"featured_media":0,"parent":0,"menu_order":0,"comment_status":"closed","ping_status":"closed","template":"","meta":{"footnotes":""},"amp_enabled":false,"_links":{"self":[{"href":"https:\/\/alimentospreformados.com.mx\/en\/wp-json\/wp\/v2\/pages\/6430"}],"collection":[{"href":"https:\/\/alimentospreformados.com.mx\/en\/wp-json\/wp\/v2\/pages"}],"about":[{"href":"https:\/\/alimentospreformados.com.mx\/en\/wp-json\/wp\/v2\/types\/page"}],"author":[{"embeddable":true,"href":"https:\/\/alimentospreformados.com.mx\/en\/wp-json\/wp\/v2\/users\/1"}],"replies":[{"embeddable":true,"href":"https:\/\/alimentospreformados.com.mx\/en\/wp-json\/wp\/v2\/comments?post=6430"}],"version-history":[{"count":19,"href":"https:\/\/alimentospreformados.com.mx\/en\/wp-json\/wp\/v2\/pages\/6430\/revisions"}],"predecessor-version":[{"id":9276,"href":"https:\/\/alimentospreformados.com.mx\/en\/wp-json\/wp\/v2\/pages\/6430\/revisions\/9276"}],"wp:attachment":[{"href":"https:\/\/alimentospreformados.com.mx\/en\/wp-json\/wp\/v2\/media?parent=6430"}],"curies":[{"name":"wp","href":"https:\/\/api.w.org\/{rel}","templated":true}]}}