{"id":6353,"date":"2016-04-26T05:35:32","date_gmt":"2016-04-26T05:35:32","guid":{"rendered":"http:\/\/dev.wequp.com\/gogreen\/?page_id=6353"},"modified":"2024-03-19T17:03:23","modified_gmt":"2024-03-19T17:03:23","slug":"distribucion","status":"publish","type":"page","link":"https:\/\/alimentospreformados.com.mx\/en\/distribucion\/","title":{"rendered":"Distribucion"},"content":{"rendered":"<section class=\"w-section w-full no-padding\">\r\n<div class=\"row\"><div class=\"col col-12 no-padding\">\r\n    <div class=\"col-inner\"><div class=\"w-section-separator w-2 w-top reflect-h\">\r\n                <svg xmlns=\"http:\/\/www.w3.org\/2000\/svg\" xmlns:xlink=\"http:\/\/www.w3.org\/1999\/xlink\" viewbox=\"0 0 100 50\" preserveaspectratio=\"none\">\r\n                <polygon fill=\"#3b6299\" points=\"0,25 40,0 60,48 0,50\" \/>\r\n                <polygon fill=\"#ffffff\" points=\"0,50 38,25 60,48 100,0 100,50\" \/>\r\n            <\/svg>           \r\n                \r\n<\/div><div class=\"row\">\r\n    <div class=\"col col-4\">\r\n    <div class=\"col-inner\"><\/div><\/div><div class=\"col col-4\">\r\n    <div class=\"col-inner\"><\/div><\/div><div class=\"col col-4\">\r\n    <div class=\"col-inner\"><\/div><\/div><\/div><\/div><\/div><\/div><\/section><section class=\"w-section\">\r\n<div class=\"row\"><div class=\"col col-12\">\r\n    <div class=\"col-inner\"><div class=\"row xs-column-reverse sm-column-reverse\">\r\n    <div class=\"col col-6\">\r\n    <div class=\"col-inner\"><div class=\"w-space\" style=\"height:40px\"><\/div><div class=\"w-heading heading-1 text-right\">\r\n    <div class=\"w-wrapper\">\r\n                 \r\n        <h2>           \r\n            APSA DISTRIBUTION        <\/h2>\r\n                    <\/div>\r\n<\/div><div class=\"w-space\" style=\"height:60px\"><\/div><div class=\"w-image-gallery w-grid\">\r\n    <div class=\"w-view clear\">\r\n                    <div class=\"w-item col-12\">\r\n                                <a href=\"https:\/\/alimentospreformados.com.mx\/wp-content\/uploads\/2022\/08\/iStock-1224727435.jpg\" data-rel=\"lightcase:gallery-86\">\r\n        <img loading=\"lazy\" decoding=\"async\" width=\"1280\" height=\"821\" src=\"https:\/\/alimentospreformados.com.mx\/wp-content\/uploads\/2022\/08\/iStock-1224727435-1280x821.jpg\" class=\"cover-image\" alt=\"\" srcset=\"https:\/\/alimentospreformados.com.mx\/wp-content\/uploads\/2022\/08\/iStock-1224727435-1280x821.jpg 1280w, https:\/\/alimentospreformados.com.mx\/wp-content\/uploads\/2022\/08\/iStock-1224727435-300x192.jpg 300w, https:\/\/alimentospreformados.com.mx\/wp-content\/uploads\/2022\/08\/iStock-1224727435-1024x657.jpg 1024w, https:\/\/alimentospreformados.com.mx\/wp-content\/uploads\/2022\/08\/iStock-1224727435-768x493.jpg 768w, https:\/\/alimentospreformados.com.mx\/wp-content\/uploads\/2022\/08\/iStock-1224727435-1536x985.jpg 1536w, https:\/\/alimentospreformados.com.mx\/wp-content\/uploads\/2022\/08\/iStock-1224727435-2048x1314.jpg 2048w, https:\/\/alimentospreformados.com.mx\/wp-content\/uploads\/2022\/08\/iStock-1224727435-640x411.jpg 640w\" sizes=\"(max-width: 1280px) 100vw, 1280px\" \/>        <\/a>\r\n                <\/div>\r\n        <\/div>\r\n<\/div><div class=\"w-space\" style=\"height:30px\"><\/div><\/div><\/div><div class=\"col col-6\">\r\n    <div class=\"col-inner\"><div class=\"w-space\" style=\"height:40px\"><\/div><div class=\"w-image text-center\">\n                <\/div>\n<div class=\"w-custom-heading\">\n    <h6 style=\"font-size: 22px;color: #3b6299;text-align: left;font-family:Abril Fatface;font-weight:400;font-style:normal\">    Distributor Network    <\/h6><\/div><div class=\"w-custom-heading\">\n    <p style=\"font-size: 18px;line-height: 38px;text-align: justify\">    Para acercar nuestros productos de manera m\u00e1s f\u00e1cil y c\u00f3moda a todos nuestros consumidores, contamos con una Red de Distribuci\u00f3n con instalaciones y transportes adecuados para asegurar la Cadena de Fr\u00edo durante cada una de sus fases de suministro, manteniendo una temperatura \u00f3ptima y controlada en los alimentos para la seguridad y calidad de los mismos.    <\/p><\/div><div class=\"w-space\" style=\"height:20px\"><\/div><div class=\"w-custom-heading\">\n    <p style=\"font-size: 18px;line-height: 38px;text-align: justify\">    Contact us to join our distribution network and be part of this supply chain throughout Mexico.    <\/p><\/div><\/div><\/div><\/div><div class=\"row\">\r\n    <div class=\"col col-6\">\r\n    <div class=\"col-inner\"><div class=\"w-image-gallery w-grid\">\r\n    <div class=\"w-view clear\">\r\n                    <div class=\"w-item col-12\">\r\n                                <a href=\"https:\/\/alimentospreformados.com.mx\/wp-content\/uploads\/2022\/08\/iStock-1333159166-Copiar.jpg\" data-rel=\"lightcase:gallery-78\">\r\n        <img loading=\"lazy\" decoding=\"async\" width=\"2048\" height=\"810\" src=\"https:\/\/alimentospreformados.com.mx\/wp-content\/uploads\/2022\/08\/iStock-1333159166-Copiar.jpg\" class=\"cover-image\" alt=\"\" srcset=\"https:\/\/alimentospreformados.com.mx\/wp-content\/uploads\/2022\/08\/iStock-1333159166-Copiar.jpg 2048w, https:\/\/alimentospreformados.com.mx\/wp-content\/uploads\/2022\/08\/iStock-1333159166-Copiar-300x119.jpg 300w, https:\/\/alimentospreformados.com.mx\/wp-content\/uploads\/2022\/08\/iStock-1333159166-Copiar-1024x405.jpg 1024w, https:\/\/alimentospreformados.com.mx\/wp-content\/uploads\/2022\/08\/iStock-1333159166-Copiar-768x304.jpg 768w, https:\/\/alimentospreformados.com.mx\/wp-content\/uploads\/2022\/08\/iStock-1333159166-Copiar-1536x608.jpg 1536w, https:\/\/alimentospreformados.com.mx\/wp-content\/uploads\/2022\/08\/iStock-1333159166-Copiar-640x253.jpg 640w, https:\/\/alimentospreformados.com.mx\/wp-content\/uploads\/2022\/08\/iStock-1333159166-Copiar-1280x506.jpg 1280w\" sizes=\"(max-width: 2048px) 100vw, 2048px\" \/>        <\/a>\r\n                <\/div>\r\n        <\/div>\r\n<\/div><\/div><\/div><div class=\"col col-6\">\r\n    <div class=\"col-inner\"><div class=\"w-image-gallery w-grid\">\r\n    <div class=\"w-view clear\">\r\n                    <div class=\"w-item col-12\">\r\n                                <a href=\"https:\/\/alimentospreformados.com.mx\/wp-content\/uploads\/2022\/08\/iStock-1205568547-scaled-1.jpg\" data-rel=\"lightcase:gallery-4\">\r\n        <img loading=\"lazy\" decoding=\"async\" width=\"2560\" height=\"1013\" src=\"https:\/\/alimentospreformados.com.mx\/wp-content\/uploads\/2022\/08\/iStock-1205568547-scaled-1.jpg\" class=\"cover-image\" alt=\"\" srcset=\"https:\/\/alimentospreformados.com.mx\/wp-content\/uploads\/2022\/08\/iStock-1205568547-scaled-1.jpg 2560w, https:\/\/alimentospreformados.com.mx\/wp-content\/uploads\/2022\/08\/iStock-1205568547-scaled-1-300x119.jpg 300w, https:\/\/alimentospreformados.com.mx\/wp-content\/uploads\/2022\/08\/iStock-1205568547-scaled-1-1024x405.jpg 1024w, https:\/\/alimentospreformados.com.mx\/wp-content\/uploads\/2022\/08\/iStock-1205568547-scaled-1-768x304.jpg 768w, https:\/\/alimentospreformados.com.mx\/wp-content\/uploads\/2022\/08\/iStock-1205568547-scaled-1-1536x608.jpg 1536w, https:\/\/alimentospreformados.com.mx\/wp-content\/uploads\/2022\/08\/iStock-1205568547-scaled-1-2048x810.jpg 2048w, https:\/\/alimentospreformados.com.mx\/wp-content\/uploads\/2022\/08\/iStock-1205568547-scaled-1-640x253.jpg 640w, https:\/\/alimentospreformados.com.mx\/wp-content\/uploads\/2022\/08\/iStock-1205568547-scaled-1-1280x507.jpg 1280w\" sizes=\"(max-width: 2560px) 100vw, 2560px\" \/>        <\/a>\r\n                <\/div>\r\n        <\/div>\r\n<\/div><\/div><\/div><\/div><div class=\"row\">\r\n    <div class=\"col col-3\">\r\n    <div class=\"col-inner\"><\/div><\/div><div class=\"col col-6\">\r\n    <div class=\"col-inner\"><div class=\"w-space\" style=\"height:20px\"><\/div><div class=\"w-text-block\">\n    <div class=\"col-inner\">\n<div class=\"w-space\" style=\"height: 20px;\"><\/div>\n<div class=\"w-text-block\">\n<pre style=\"text-align: center; background: #dddddd;\"><a href=\"mailto:contacto@alimentospreformados.com.mx\"><i class=\"fa fa-envelope\"><\/i>  contacto@alimentospreformados.com.mx<\/a><\/pre>\n<\/div>\n<\/div>\n<\/div><\/div><\/div><div class=\"col col-3\">\r\n    <div class=\"col-inner\"><\/div><\/div><\/div><div class=\"row\">\r\n    <div class=\"col col-12\">\r\n    <div class=\"col-inner\"><div class=\"w-space\" style=\"height:20px\"><\/div><\/div><\/div><\/div><\/div><\/div><\/div><\/section><section class=\"w-section xl-padding w-parallax\">\r\n<div class=\"section-background\"><div class=\"bg-wrapper bg-image\" style=\"background-image:url(https:\/\/alimentospreformados.com.mx\/wp-content\/uploads\/2022\/08\/iStock-1094066304-el-mas-reciente.jpg);background-position:center center\"><\/div><\/div><div class=\"row\"><div class=\"col col-12 w-text-light text-center\">\r\n    <div class=\"col-inner\"><div class=\"w-space\" style=\"height:80px\"><\/div><div class=\"w-text-block\">\n    <h1>Our products are present throughout Mexico through our Distributor Network<\/h1>\n<\/div><div class=\"w-space\" style=\"height:20px\"><\/div><div class=\"row\">\r\n    <div class=\"col col-3 hidden-sm hidden-xs\">\r\n    <div class=\"col-inner\"><\/div><\/div><div class=\"col col-6\">\r\n    <div class=\"col-inner\"><\/div><\/div><div class=\"col col-3 hidden-sm hidden-xs\">\r\n    <div class=\"col-inner\"><\/div><\/div><\/div><div class=\"w-space\" style=\"height:50px\"><\/div><div class=\"w-space\" style=\"height:200px\"><\/div><\/div><\/div><\/div><\/section><section class=\"w-section w-full no-padding\">\r\n<div class=\"row\"><div class=\"col col-12 no-padding\">\r\n    <div class=\"col-inner\"><div class=\"w-section-separator w-2 w-top reflect-h\">\r\n                <svg xmlns=\"http:\/\/www.w3.org\/2000\/svg\" xmlns:xlink=\"http:\/\/www.w3.org\/1999\/xlink\" viewbox=\"0 0 100 50\" preserveaspectratio=\"none\">\r\n                <polygon fill=\"#3b6299\" points=\"0,25 40,0 60,48 0,50\" \/>\r\n                <polygon fill=\"#ffffff\" points=\"0,50 38,25 60,48 100,0 100,50\" \/>\r\n            <\/svg>           \r\n                \r\n<\/div><\/div><\/div><\/div><\/section><section class=\"w-section xl-padding\">\r\n<div class=\"row\"><div class=\"col col-12\">\r\n    <div class=\"col-inner\"><div class=\"row\">\r\n    <div class=\"col col-12 hidden-md hidden-sm hidden-xs\">\r\n    <div class=\"col-inner\"><div class=\"w-space\" style=\"height:50px\"><\/div><\/div><\/div><\/div><div class=\"row\">\r\n    <div class=\"col col-6\">\r\n    <div class=\"col-inner\"><div class=\"w-image text-center\">\n                <\/div>\n<\/div><\/div><div class=\"col col-6\">\r\n    <div class=\"col-inner\"><div class=\"w-heading heading-2 text-left\">\r\n    <div class=\"w-wrapper\">\r\n                 \r\n        <h2>           \r\n            FAQs        <\/h2>\r\n                 \r\n        <h4 class=\"subheading\">Frequent questions<\/h4>\r\n            <\/div>\r\n<\/div><div class=\"w-space\" style=\"height:30px\"><\/div><div class=\"w-toggle\">\r\n    <h3>\u00bfHow does our Distribution Network work?<\/h3>\r\n    <div><p>Our distribution is based on direct planning with our customers, we attach great importance to efficiency, service level and timely delivery of our products, which we transport directly from the production plant to the destination established by customers. , seeking a balance between the efficiency of the supply chain and the optimization of resources for an optimal distribution strategy.<\/p>\n<\/div>\r\n<\/div><div class=\"w-toggle\">\r\n    <h3>\u00bfWhat do I need to be a Distributor?<\/h3>\r\n    <div><p>To be able to enter our business scheme, it is necessary to fill out a form to know the details and scope of the distribution that you require. It is also important that before filling out the form you verify that you meet the following requirements to be a Distributor:<\/p>\n<p>&nbsp;<\/p>\n<ol>\n<li>Being a company with experience in the sector.<\/li>\n<li>Proof of tax status of a natural or legal person.<\/li>\n<li>Constitutive Act.<\/li>\n<li>Official identification of legal representative.<\/li>\n<li>Proof of address.<\/li>\n<\/ol>\n<p>&nbsp;<\/p>\n<p>Para una operaci\u00f3n de distribuci\u00f3n \u00f3ptima y rentable, es necesario cumplir con las cantidades m\u00ednimas de producto por tarima y con el n\u00famero de tarimas por embarque. Contacta con nuestros especialistas comerciales para el env\u00edo del formulario y atenci\u00f3n personalizada en el tel\u00e9fono +52 4491118575 y en el correo <a href=\"mailto:contacto@alimentospreformados.com.mx\">contacto@alimentospreformados.com.mx<\/a><\/p>\n<p>&nbsp;<\/p>\n<p>Once an agreement has been reached, it must be formalized with a contract establishing all the conditions of sale, distribution and payment.<\/p>\n<p>&nbsp;<\/p>\n<p>Thank you for your interest in belonging to the Preformed Food Distributors Network.<\/p>\n<\/div>\r\n<\/div><div class=\"w-toggle\">\r\n    <h3>\u00bfDo you have exclusive distribution of products?<\/h3>\r\n    <div><p>We have a first-rate New Product Development department to attend to your important projects. We start from analyzing the client's needs, product specifications, to the development and production of our own brands, taking into account the capacity and vision of the client.<\/p>\n<p>&nbsp;<\/p>\n<p>If you are looking for an ally to expand your market, we have all the experience and means you need to grow and achieve the satisfaction of your consumers.<\/p>\n<\/div>\r\n<\/div><div class=\"w-toggle\">\r\n    <h3>\u00bfWhat is the delivery time of our products?<\/h3>\r\n    <div><p>It is essential for us that our products are available in stock whenever the customer requests them, which allows us to make deliveries from one week to two weeks depending on the shipping region.<\/p>\n<\/div>\r\n<\/div><div class=\"w-toggle\">\r\n    <h3>\u00bfIn which cities are our products covered?<\/h3>\r\n    <div><p>Our products can be found in Mexico nationwide in Retail stores.<\/p>\n<\/div>\r\n<\/div><div class=\"w-toggle\">\r\n    <h3>\u00bfHow can I get in touch with Alimentos Preformados?<\/h3>\r\n    <div><p>You can contact us through\u00a0<strong><a href=\"http:\/\/34.125.214.11\/contacto\/\">Contact Form<\/a><\/strong>\u00a0on our website, through our Official Social Networks, or with our commercial specialists on the phone 4491118575 and by email\u00a0<strong><a href=\"mailto:contacto@alimentospreformados.com.mx\">contacto@alimentospreformados.com.mx<\/a><\/strong><\/p>\n<\/div>\r\n<\/div><\/div><\/div><\/div><div class=\"row\">\r\n    <div class=\"col col-12 hidden-md hidden-sm hidden-xs\">\r\n    <div class=\"col-inner\"><div class=\"w-space\" style=\"height:80px\"><\/div><\/div><\/div><\/div><\/div><\/div><\/div><\/section><section class=\"w-section\">\r\n<div class=\"row\"><div class=\"col col-12\">\r\n    <div class=\"col-inner\"><div class=\"w-text-block\">\n    <\/div><\/div><\/div><\/div><\/section><section class=\"w-section w-full no-padding\" style=\"z-index:50\">\r\n<div class=\"row\"><div class=\"col col-12 no-padding\">\r\n    <div class=\"col-inner\"><div class=\"w-section-separator w-1 w-top\">\r\n                <svg xmlns=\"http:\/\/www.w3.org\/2000\/svg\" xmlns:xlink=\"http:\/\/www.w3.org\/1999\/xlink\" viewbox=\"0 0 100 50\" preserveaspectratio=\"none\">\r\n                <polygon fill=\"#3b6299\" points=\"0,0 25,15 25,50 0,50\" \/>\r\n                <polygon fill=\"#3b6299\" points=\"100,0 100,50 75,50\" \/>\r\n                <polygon fill=\"#1f1f1f\" points=\"0,50 25,15 75,48 100,30 100,50\" \/>\r\n            <\/svg>        \r\n                \r\n<\/div><\/div><\/div><\/div><\/section><section class=\"w-section w-text-light l-padding\" style=\"background-color:#1f1f1f\">\r\n<div class=\"section-background\"><div class=\"bg-wrapper bg-image\" style=\"background-image:url(https:\/\/alimentospreformados.com.mx\/wp-content\/uploads\/2022\/08\/hamburguesa-recortada-opaca-640x223-1.png);background-position:center center\"><\/div><\/div><div class=\"row\"><div class=\"col col-4\">\r\n    <div class=\"col-inner\"><\/div><\/div><div class=\"col col-4\">\r\n    <div class=\"col-inner\"><\/div><\/div><div class=\"col col-4\">\r\n    <div class=\"col-inner\"><div class=\"w-heading heading-9 text-left\">\r\n    <div class=\"w-wrapper\">\r\n                 \r\n        <h2>           \r\n            <span>CONTACT<\/span>        <\/h2>\r\n                    <\/div>\r\n<\/div><div class=\"w-space\" style=\"height:5px\"><\/div><div class=\"w-text-block\">\n    <p>Please contact us for any<br \/>\nquestion or concern.<\/p>\n<\/div><div class=\"w-separator no-text text-left\" style=\"color:#cccccc;width:100%\">\r\n    <span class=\"w-border-left\" style=\"border-style:dotted;border-top-width:1px;border-color:#cccccc\"><\/span>\r\n    <span class=\"w-text\">\r\n                            <\/span>\r\n    <span class=\"w-border-right\" style=\"border-style:dotted;border-top-width:1px;border-color:#cccccc\"><\/span>\r\n<\/div><div class=\"w-text-block\">\n    <p><a href=\"https:\/\/www.google.com\/maps\/dir\/alimentos+preformados+sa+de+cv\/data=!4m6!4m5!1m1!4e2!1m2!1m1!1s0x8429eefb1db9a9eb:0x71f9c17119f19f3b?sa=X&amp;ved=2ahUKEwj3qNOj2bT3AhX4C0QIHQSLCtoQ9Rd6BAhTEAQ\">Av. Universidad 602 &#8211; 10<\/a><br \/>\n<a href=\"https:\/\/www.google.com\/maps\/dir\/alimentos+preformados+sa+de+cv\/data=!4m6!4m5!1m1!4e2!1m2!1m1!1s0x8429eefb1db9a9eb:0x71f9c17119f19f3b?sa=X&amp;ved=2ahUKEwj3qNOj2bT3AhX4C0QIHQSLCtoQ9Rd6BAhTEAQ\">Col. Unidad Ganadera CP 20130<\/a><br \/>\n<a href=\"https:\/\/www.google.com\/maps\/dir\/alimentos+preformados+sa+de+cv\/data=!4m6!4m5!1m1!4e2!1m2!1m1!1s0x8429eefb1db9a9eb:0x71f9c17119f19f3b?sa=X&amp;ved=2ahUKEwj3qNOj2bT3AhX4C0QIHQSLCtoQ9Rd6BAhTEAQ\">Aguascalientes, M\u00e9xico<\/a><u><a href=\"https:\/\/www.google.com\/maps\/dir\/alimentos+preformados+sa+de+cv\/data=!4m6!4m5!1m1!4e2!1m2!1m1!1s0x8429eefb1db9a9eb:0x71f9c17119f19f3b?sa=X&amp;ved=2ahUKEwj3qNOj2bT3AhX4C0QIHQSLCtoQ9Rd6BAhTEAQ\"><br \/>\n<\/a><\/u>Tel: <a href=\"tel: 4499143180\">+52 449 914 31 80<\/a><br \/>\nE-mail: <a href=\"mailto:contacto@alimentospreformados.com.mx\">contacto@alimentospreformados.com.mx<\/a><\/p>\n<\/div><div class=\"w-space\" style=\"height:15px\"><\/div><a class=\"w-button vc_custom_1661367924950\" style=\"border-color:#efefef;background-color:#efefef;;color:#000000\" href=\"https:\/\/alimentospreformados.com.mx\/en\/contacto\/\">\r\n    <span>CONTACT US<\/span>\r\n<\/a><div class=\"w-space\" style=\"height:105px\"><\/div><\/div><\/div><\/div><\/section>","protected":false},"excerpt":{"rendered":"APSA Distribuci\u00f3n Red de Distribuidores Para acercar nuestros productos de manera m\u00e1s f\u00e1cil y c\u00f3moda a todos nuestros consumidores, contamos con una Red de Distribuci\u00f3n con instalaciones y transportes adecuados para asegurar la Cadena de Fr\u00edo durante cada una de sus fases de suministro, manteniendo una temperatura \u00f3ptima y controlada en los alimentos para la [...]","protected":false},"author":1,"featured_media":0,"parent":0,"menu_order":0,"comment_status":"closed","ping_status":"closed","template":"","meta":{"footnotes":""},"amp_enabled":false,"_links":{"self":[{"href":"https:\/\/alimentospreformados.com.mx\/en\/wp-json\/wp\/v2\/pages\/6353"}],"collection":[{"href":"https:\/\/alimentospreformados.com.mx\/en\/wp-json\/wp\/v2\/pages"}],"about":[{"href":"https:\/\/alimentospreformados.com.mx\/en\/wp-json\/wp\/v2\/types\/page"}],"author":[{"embeddable":true,"href":"https:\/\/alimentospreformados.com.mx\/en\/wp-json\/wp\/v2\/users\/1"}],"replies":[{"embeddable":true,"href":"https:\/\/alimentospreformados.com.mx\/en\/wp-json\/wp\/v2\/comments?post=6353"}],"version-history":[{"count":29,"href":"https:\/\/alimentospreformados.com.mx\/en\/wp-json\/wp\/v2\/pages\/6353\/revisions"}],"predecessor-version":[{"id":9277,"href":"https:\/\/alimentospreformados.com.mx\/en\/wp-json\/wp\/v2\/pages\/6353\/revisions\/9277"}],"wp:attachment":[{"href":"https:\/\/alimentospreformados.com.mx\/en\/wp-json\/wp\/v2\/media?parent=6353"}],"curies":[{"name":"wp","href":"https:\/\/api.w.org\/{rel}","templated":true}]}}