{"id":3427,"date":"2016-01-19T10:22:25","date_gmt":"2016-01-19T10:22:25","guid":{"rendered":"http:\/\/dev.wequp.com\/overlap\/?page_id=3427"},"modified":"2024-03-19T16:50:19","modified_gmt":"2024-03-19T16:50:19","slug":"contacto","status":"publish","type":"page","link":"https:\/\/alimentospreformados.com.mx\/en\/contacto\/","title":{"rendered":"Contact"},"content":{"rendered":"<section class=\"w-section w-full no-padding\">\r\n<div class=\"row\"><div class=\"col col-12 no-padding\">\r\n    <div class=\"col-inner\"><div class=\"w-section-separator w-2 w-top reflect-h\">\r\n                <svg xmlns=\"http:\/\/www.w3.org\/2000\/svg\" xmlns:xlink=\"http:\/\/www.w3.org\/1999\/xlink\" viewbox=\"0 0 100 50\" preserveaspectratio=\"none\">\r\n                <polygon fill=\"#3b6299\" points=\"0,25 40,0 60,48 0,50\" \/>\r\n                <polygon fill=\"#ffffff\" points=\"0,50 38,25 60,48 100,0 100,50\" \/>\r\n            <\/svg>           \r\n                \r\n<\/div><\/div><\/div><\/div><\/section><section class=\"w-section xl-padding\">\r\n<div class=\"row\"><div class=\"col col-6\">\r\n    <div class=\"col-inner\"><div class=\"row\">\r\n    <div class=\"col col-12\">\r\n    <div class=\"col-inner\"><div class=\"w-heading heading-3 text-left\">\r\n    <div class=\"w-wrapper\">\r\n                 \r\n        <h2>           \r\n            CONTACT US        <\/h2>\r\n                 \r\n        <h4 class=\"subheading\" style=\"color:#ffffff\">Send us a message<\/h4>\r\n            <\/div>\r\n<\/div><div class=\"w-space\" style=\"height:30px\"><\/div><div class=\"w-text-block\">\n    <p>Si deseas consultar mayor informaci\u00f3n sobre nuestros servicios o tienes alguna duda al respecto, no dudes en solicitar una consultor\u00eda y uno de nuestros asesores te contactar\u00e1 a la brevedad.<\/p>\n<\/div><div class=\"w-space\" style=\"height:30px\"><\/div><div class=\"w-text-block\">\n    <p><a href=\"https:\/\/www.google.com\/maps\/dir\/alimentos+preformados+sa+de+cv\/data=!4m6!4m5!1m1!4e2!1m2!1m1!1s0x8429eefb1db9a9eb:0x71f9c17119f19f3b?sa=X&amp;ved=2ahUKEwj3qNOj2bT3AhX4C0QIHQSLCtoQ9Rd6BAhTEAQ\">Av. Universidad 602 &#8211; 10<\/a><br \/>\n<a href=\"https:\/\/www.google.com\/maps\/dir\/alimentos+preformados+sa+de+cv\/data=!4m6!4m5!1m1!4e2!1m2!1m1!1s0x8429eefb1db9a9eb:0x71f9c17119f19f3b?sa=X&amp;ved=2ahUKEwj3qNOj2bT3AhX4C0QIHQSLCtoQ9Rd6BAhTEAQ\">Col. Unidad Ganadera CP 20130<\/a><br \/>\n<a href=\"https:\/\/www.google.com\/maps\/dir\/alimentos+preformados+sa+de+cv\/data=!4m6!4m5!1m1!4e2!1m2!1m1!1s0x8429eefb1db9a9eb:0x71f9c17119f19f3b?sa=X&amp;ved=2ahUKEwj3qNOj2bT3AhX4C0QIHQSLCtoQ9Rd6BAhTEAQ\">Aguascalientes, M\u00e9xico<\/a><u><a href=\"https:\/\/www.google.com\/maps\/dir\/alimentos+preformados+sa+de+cv\/data=!4m6!4m5!1m1!4e2!1m2!1m1!1s0x8429eefb1db9a9eb:0x71f9c17119f19f3b?sa=X&amp;ved=2ahUKEwj3qNOj2bT3AhX4C0QIHQSLCtoQ9Rd6BAhTEAQ\"><br \/>\n<\/a><\/u><\/p>\n<p>Tel: <a href=\"tel: 4499143180\">+52 449 914 3180<\/a><br \/>\nE-mail. <a href=\"mailto:contacto@alimentospreformados.com.mx\">contacto@alimentospreformados.com.mx<\/a><\/p>\n<\/div><div class=\"w-space\" style=\"height:30px\"><\/div><span class=\"w-icon-block w-small w-none vc_custom_1660000337622\" style=\"color:#507cbe\">\r\n            <a href=\"https:\/\/www.facebook.com\/Alimentos-Preformados-103452982328584\/\">\r\n                    <i class=\"fa fa-facebook\"><\/i>\r\n                <\/a>\r\n    <\/span><span class=\"w-icon-block w-small w-none vc_custom_1660000558701\" style=\"color:#63cdf1\">\r\n            <a href=\"https:\/\/twitter.com\/APreformados1\">\r\n                    <i class=\"fa fa-twitter\"><\/i>\r\n                <\/a>\r\n    <\/span><span class=\"w-icon-block w-small w-none vc_custom_1660000585613\" style=\"color:#b0947c\">\r\n            <a href=\"https:\/\/www.instagram.com\/accounts\/login\/?next=\/alimentospreformados\/\">\r\n                    <i class=\"fa fa-instagram\"><\/i>\r\n                <\/a>\r\n    <\/span><\/div><\/div><\/div><div class=\"w-space\" style=\"height:30px\"><\/div>\n<div class=\"wpcf7 no-js\" id=\"wpcf7-f9-o1\" lang=\"en-US\" dir=\"ltr\">\n<div class=\"screen-reader-response\"><p role=\"status\" aria-live=\"polite\" aria-atomic=\"true\"><\/p> <ul><\/ul><\/div>\n<form action=\"\/en\/wp-json\/wp\/v2\/pages\/3427#wpcf7-f9-o1\" method=\"post\" class=\"wpcf7-form init\" aria-label=\"Contact form\" novalidate=\"novalidate\" data-status=\"init\" data-trp-original-action=\"\/en\/wp-json\/wp\/v2\/pages\/3427#wpcf7-f9-o1\">\n<div style=\"display: none;\">\n<input type=\"hidden\" name=\"_wpcf7\" value=\"9\" \/>\n<input type=\"hidden\" name=\"_wpcf7_version\" value=\"5.9\" \/>\n<input type=\"hidden\" name=\"_wpcf7_locale\" value=\"en_US\" \/>\n<input type=\"hidden\" name=\"_wpcf7_unit_tag\" value=\"wpcf7-f9-o1\" \/>\n<input type=\"hidden\" name=\"_wpcf7_container_post\" value=\"0\" \/>\n<input type=\"hidden\" name=\"_wpcf7_posted_data_hash\" value=\"\" \/>\n<input type=\"hidden\" name=\"_wpcf7_recaptcha_response\" value=\"\" \/>\n<\/div>\n<p><label> Name<br \/>\n<span class=\"wpcf7-form-control-wrap\" data-name=\"your-name\"><input size=\"40\" class=\"wpcf7-form-control wpcf7-text wpcf7-validates-as-required\" aria-required=\"true\" aria-invalid=\"false\" value=\"\" type=\"text\" name=\"your-name\" \/><\/span> <\/label>\n<\/p>\n<p><label> Email<br \/>\n<span class=\"wpcf7-form-control-wrap\" data-name=\"your-correo\"><input size=\"40\" class=\"wpcf7-form-control wpcf7-text wpcf7-validates-as-required\" aria-required=\"true\" aria-invalid=\"false\" value=\"\" type=\"text\" name=\"your-correo\" \/><\/span><\/label>\n<\/p>\n<labeel> Tel\u00e9fono\n\t<p><span class=\"wpcf7-form-control-wrap\" data-name=\"your-tel\"><input size=\"40\" class=\"wpcf7-form-control wpcf7-tel wpcf7-text wpcf7-validates-as-tel\" aria-invalid=\"false\" value=\"\" type=\"tel\" name=\"your-tel\" \/><\/span>\n\t<\/p>\n\t<p><label> Affair<br \/>\n<span class=\"wpcf7-form-control-wrap\" data-name=\"your-subject\"><input size=\"40\" class=\"wpcf7-form-control wpcf7-text wpcf7-validates-as-required\" aria-required=\"true\" aria-invalid=\"false\" value=\"\" type=\"text\" name=\"your-subject\" \/><\/span> <\/label>\n\t<\/p>\n\t<p><label> Message (optional)<br \/>\n<span class=\"wpcf7-form-control-wrap\" data-name=\"your-message\"><textarea cols=\"40\" rows=\"10\" class=\"wpcf7-form-control wpcf7-textarea\" aria-invalid=\"false\" name=\"your-message\"><\/textarea><\/span> <\/label>\n\t<\/p>\n\t<p><input class=\"wpcf7-form-control wpcf7-submit has-spinner\" type=\"submit\" value=\"Send\" \/>\n\t<\/p>\n<\/labeel><div class=\"wpcf7-response-output\" aria-hidden=\"true\"><\/div>\n<input type=\"hidden\" name=\"trp-form-language\" value=\"en\"\/><\/form>\n<\/div>\n<\/div><\/div><div class=\"col col-6\">\r\n    <div class=\"col-inner\">\n\t<div class=\"wpb_raw_code wpb_content_element wpb_raw_html\" >\n\t\t<div class=\"wpb_wrapper\">\n\t\t\t<iframe src=\"https:\/\/www.google.com\/maps\/embed?pb=!1m14!1m8!1m3!1d14807.036695173769!2d-102.3093417!3d21.9053476!3m2!1i1024!2i768!4f13.1!3m3!1m2!1s0x0%3A0x71f9c17119f19f3b!2sALIMENTOS%20PREFORMADOS!5e0!3m2!1ses!2smx!4v1652735786865!5m2!1ses!2smx\" width=\"700\" height=\"1000\" style=\"border:0;\" allowfullscreen=\"\" loading=\"lazy\" referrerpolicy=\"no-referrer-when-downgrade\"><\/iframe>\n\n<script src=\"https:\/\/www.google.com\/recaptcha\/enterprise.js?render=6LebimohAAAAAIaDrE54j-IKQDJypwlBTGkDG-7x\"><\/script>\n<script>\ngrecaptcha.enterprise.ready(function() {\n    grecaptcha.enterprise.execute('6LebimohAAAAAIaDrE54j-IKQDJypwlBTGkDG-7x', {action: 'login'}).then(function(token) {\n       ...\n    });\n});\n<\/script>\n\t\t<\/div>\n\t<\/div>\n<\/div><\/div><\/div><\/section><section class=\"w-section\">\r\n<div class=\"row\"><div class=\"col col-12\">\r\n    <div class=\"col-inner\"><\/div><\/div><\/div><\/section><section class=\"w-section\">\r\n<div class=\"row\"><div class=\"col col-12\">\r\n    <div class=\"col-inner\"><div class=\"w-text-block\">\n    <\/div><\/div><\/div><\/div><\/section><section class=\"w-section w-full no-padding\" style=\"z-index:50\">\r\n<div class=\"row\"><div class=\"col col-12 no-padding\">\r\n    <div class=\"col-inner\"><div class=\"w-section-separator w-1 w-top\">\r\n                <svg xmlns=\"http:\/\/www.w3.org\/2000\/svg\" xmlns:xlink=\"http:\/\/www.w3.org\/1999\/xlink\" viewbox=\"0 0 100 50\" preserveaspectratio=\"none\">\r\n                <polygon fill=\"#3b6299\" points=\"0,0 25,15 25,50 0,50\" \/>\r\n                <polygon fill=\"#3b6299\" points=\"100,0 100,50 75,50\" \/>\r\n                <polygon fill=\"#1f1f1f\" points=\"0,50 25,15 75,48 100,30 100,50\" \/>\r\n            <\/svg>        \r\n                \r\n<\/div><\/div><\/div><\/div><\/section><section class=\"w-section w-text-light l-padding\" style=\"background-color:#1f1f1f\">\r\n<div class=\"section-background\"><div class=\"bg-wrapper bg-image\" style=\"background-image:url(https:\/\/alimentospreformados.com.mx\/wp-content\/uploads\/2022\/08\/hamburguesa-recortada-opaca-640x223-1.png);background-position:center top\"><\/div><\/div><div class=\"row\"><div class=\"col col-4\">\r\n    <div class=\"col-inner\"><\/div><\/div><div class=\"col col-4\">\r\n    <div class=\"col-inner\"><\/div><\/div><div class=\"col col-4\">\r\n    <div class=\"col-inner\"><div class=\"w-heading heading-9 text-left\">\r\n    <div class=\"w-wrapper\">\r\n                 \r\n        <h2>           \r\n            <span>CONTACT<\/span>        <\/h2>\r\n                    <\/div>\r\n<\/div><div class=\"w-space\" style=\"height:5px\"><\/div><div class=\"w-text-block\">\n    <p>Please contact us for any<br \/>\nquestion or concern.<\/p>\n<\/div><div class=\"w-separator no-text text-left\" style=\"color:#cccccc;width:100%\">\r\n    <span class=\"w-border-left\" style=\"border-style:dotted;border-top-width:1px;border-color:#cccccc\"><\/span>\r\n    <span class=\"w-text\">\r\n                            <\/span>\r\n    <span class=\"w-border-right\" style=\"border-style:dotted;border-top-width:1px;border-color:#cccccc\"><\/span>\r\n<\/div><div class=\"w-text-block\">\n    <p><a href=\"https:\/\/www.google.com\/maps\/dir\/alimentos+preformados+sa+de+cv\/data=!4m6!4m5!1m1!4e2!1m2!1m1!1s0x8429eefb1db9a9eb:0x71f9c17119f19f3b?sa=X&amp;ved=2ahUKEwj3qNOj2bT3AhX4C0QIHQSLCtoQ9Rd6BAhTEAQ\">Av. Universidad 602 &#8211; 10<\/a><br \/>\n<a href=\"https:\/\/www.google.com\/maps\/dir\/alimentos+preformados+sa+de+cv\/data=!4m6!4m5!1m1!4e2!1m2!1m1!1s0x8429eefb1db9a9eb:0x71f9c17119f19f3b?sa=X&amp;ved=2ahUKEwj3qNOj2bT3AhX4C0QIHQSLCtoQ9Rd6BAhTEAQ\">Col. Unidad Ganadera CP 20130<\/a><br \/>\n<a href=\"https:\/\/www.google.com\/maps\/dir\/alimentos+preformados+sa+de+cv\/data=!4m6!4m5!1m1!4e2!1m2!1m1!1s0x8429eefb1db9a9eb:0x71f9c17119f19f3b?sa=X&amp;ved=2ahUKEwj3qNOj2bT3AhX4C0QIHQSLCtoQ9Rd6BAhTEAQ\">Aguascalientes, M\u00e9xico<\/a><u><a href=\"https:\/\/www.google.com\/maps\/dir\/alimentos+preformados+sa+de+cv\/data=!4m6!4m5!1m1!4e2!1m2!1m1!1s0x8429eefb1db9a9eb:0x71f9c17119f19f3b?sa=X&amp;ved=2ahUKEwj3qNOj2bT3AhX4C0QIHQSLCtoQ9Rd6BAhTEAQ\"><br \/>\n<\/a><\/u>Tel: <a href=\"tel: 4499143180\">+52 449 914 31 80<\/a><br \/>\nE-mail: <a href=\"mailto:contacto@alimentospreformados.com.mx\">contacto@alimentospreformados.com.mx<\/a><\/p>\n<\/div><div class=\"w-space\" style=\"height:15px\"><\/div><a class=\"w-button vc_custom_1661378494476\" style=\"border-color:#efefef;background-color:#efefef;;color:#000000\" href=\"https:\/\/alimentospreformados.com.mx\/en\/contacto\/\">\r\n    <span>CONTACT US<\/span>\r\n<\/a><div class=\"w-space\" style=\"height:105px\"><\/div><\/div><\/div><\/div><\/section>","protected":false},"excerpt":{"rendered":"CONT\u00c1CTANOS Env\u00edanos un mensaje Si deseas consultar mayor informaci\u00f3n sobre nuestros servicios o tienes alguna duda al respecto, no dudes en solicitar una consultor\u00eda y uno de nuestros asesores te contactar\u00e1 a la brevedad. Av. Universidad 602 - 10 Col. Unidad Ganadera CP 20130 Aguascalientes, M\u00e9xico Tel: +52 449 914 3180 E-mail. contacto@alimentospreformados.com.mx Nombre Email [...]","protected":false},"author":1,"featured_media":0,"parent":0,"menu_order":0,"comment_status":"closed","ping_status":"closed","template":"","meta":{"footnotes":""},"amp_enabled":false,"_links":{"self":[{"href":"https:\/\/alimentospreformados.com.mx\/en\/wp-json\/wp\/v2\/pages\/3427"}],"collection":[{"href":"https:\/\/alimentospreformados.com.mx\/en\/wp-json\/wp\/v2\/pages"}],"about":[{"href":"https:\/\/alimentospreformados.com.mx\/en\/wp-json\/wp\/v2\/types\/page"}],"author":[{"embeddable":true,"href":"https:\/\/alimentospreformados.com.mx\/en\/wp-json\/wp\/v2\/users\/1"}],"replies":[{"embeddable":true,"href":"https:\/\/alimentospreformados.com.mx\/en\/wp-json\/wp\/v2\/comments?post=3427"}],"version-history":[{"count":19,"href":"https:\/\/alimentospreformados.com.mx\/en\/wp-json\/wp\/v2\/pages\/3427\/revisions"}],"predecessor-version":[{"id":9273,"href":"https:\/\/alimentospreformados.com.mx\/en\/wp-json\/wp\/v2\/pages\/3427\/revisions\/9273"}],"wp:attachment":[{"href":"https:\/\/alimentospreformados.com.mx\/en\/wp-json\/wp\/v2\/media?parent=3427"}],"curies":[{"name":"wp","href":"https:\/\/api.w.org\/{rel}","templated":true}]}}