{"id":2516,"date":"2016-01-07T10:46:44","date_gmt":"2016-01-07T10:46:44","guid":{"rendered":"http:\/\/192.168.0.16\/overlap\/?page_id=2516"},"modified":"2024-03-19T17:04:32","modified_gmt":"2024-03-19T17:04:32","slug":"privacidad","status":"publish","type":"page","link":"https:\/\/alimentospreformados.com.mx\/en\/privacidad\/","title":{"rendered":"Privacy"},"content":{"rendered":"<section class=\"w-section w-full no-padding\">\r\n<div class=\"row\"><div class=\"col col-12 no-padding\">\r\n    <div class=\"col-inner\"><div class=\"w-section-separator w-5 w-top\">\r\n                <svg xmlns=\"http:\/\/www.w3.org\/2000\/svg\" xmlns:xlink=\"http:\/\/www.w3.org\/1999\/xlink\" viewbox=\"0 0 100 50\" preserveaspectratio=\"none\">\r\n                <polygon fill=\"#3b6299\" points=\"0,0 50,48 100,0 100,50 0,50\" \/>\r\n                <polygon fill=\"#ffffff\" points=\"0,25 50,48 100,25 100,50 0,50\" \/>\r\n            <\/svg>          \r\n                \r\n<\/div><div class=\"w-space\" style=\"height:50px\"><\/div><\/div><\/div><\/div><\/section><section class=\"w-section w-full no-padding\">\r\n<div class=\"row\"><div class=\"col col-2 no-padding\">\r\n    <div class=\"col-inner\"><\/div><\/div><div class=\"col col-8\">\r\n    <div class=\"col-inner\"><div class=\"w-text-block\">\n    <h3 style=\"text-align: center;\"><strong>NOTICE OF PRIVACY<\/strong><\/h3>\n<p style=\"font-weight: bold; color: black;\">I.- Responsible for the Protection of your personal data<\/p>\n<p>ALIMENTOS PREFORMADOS S.A. DE C.V., (hereinafter THE COMPANY) with address located at Avenida Universidad street number 602 interior 10, Colonia Unidad Ganadera in Aguascalientes, Ags., is responsible for collecting your personal data, the use that is given to them and to your protection.<\/p>\n<p><strong style=\"font-weight: bold; color: black;\">II.- Purpose of personal data\u00a0\u00a0\u00a0\u00a0\u00a0\u00a0\u00a0\u00a0\u00a0\u00a0\u00a0\u00a0\u00a0\u00a0\u00a0\u00a0\u00a0\u00a0\u00a0\u00a0\u00a0\u00a0\u00a0\u00a0\u00a0\u00a0\u00a0\u00a0\u00a0\u00a0\u00a0\u00a0\u00a0\u00a0\u00a0\u00a0\u00a0\u00a0\u00a0\u00a0\u00a0\u00a0\u00a0\u00a0\u00a0\u00a0\u00a0\u00a0\u00a0\u00a0\u00a0\u00a0\u00a0\u00a0\u00a0\u00a0\u00a0\u00a0\u00a0\u00a0\u00a0\u00a0\u00a0\u00a0\u00a0\u00a0\u00a0\u00a0\u00a0\u00a0\u00a0\u00a0\u00a0\u00a0\u00a0\u00a0\u00a0\u00a0\u00a0\u00a0\u00a0\u00a0\u00a0\u00a0\u00a0\u00a0\u00a0\u00a0\u00a0\u00a0\u00a0\u00a0\u00a0\u00a0\u00a0\u00a0\u00a0\u00a0\u00a0\u00a0\u00a0\u00a0\u00a0\u00a0\u00a0\u00a0\u00a0\u00a0\u00a0\u00a0\u00a0\u00a0\u00a0\u00a0\u00a0\u00a0\u00a0\u00a0\u00a0\u00a0\u00a0\u00a0\u00a0\u00a0\u00a0\u00a0\u00a0\u00a0\u00a0\u00a0\u00a0<\/strong><\/p>\n<p>THE COMPANY, as part of the personnel registry, and other people related to THE COMPANY, will collect and process personal identification data, personal property data, personal financial data, personal academic data, personal work data and personal data of third parties, all In order to comply with the primary and necessary purposes indicated in this notice, the personal data to be collected are the following:<\/p>\n<ol>\n<li>a) Full Name<\/li>\n<li>b) Date of birth<\/li>\n<li>c) Address indicating street, number, neighborhood, Municipality or delegation and State and postal code.<\/li>\n<li>d) Telephone<\/li>\n<li>e) Marital Status<\/li>\n<li>f) CURP<\/li>\n<li>g) RFC<\/li>\n<li>h) Degree of Studies<\/li>\n<li>i) Work Experience<\/li>\n<li>j) Tax data<\/li>\n<li>k) Bank Information: a) Name of the Bank; b) Bank address; c) Account Number; d) ABA number; e) Bank Key Number; f) Swift number; h) Account holder; i) Currency; j) Contact (Credit); k) Credit Terms<\/li>\n<\/ol>\n<p>We inform you that the purpose of processing the aforementioned personal data is for THE COMPANY to comply with the obligations derived from the legal relationship we have with you. We promise that they will be treated under strict security measures, always guaranteeing their confidentiality.<\/p>\n<p>The personal data that we collect about you is necessary to verify and confirm your identity, and where appropriate to manage and operate the human resources processes within the company, for the internal control of knowledge and personal skills, to comply with the obligations derived of the legal relationship that the owner of the data maintains with THE COMPANY, to comply with the provisions that mark the laws that govern labor relations, as well as the laws and regulations of the related institutions, such as the Mexican Institute of Social Security ( IMSS), the Institute of the National Fund for Workers' Housing (INFONAVIT), Institute of the National Fund for Workers' Consumption (FONACOT), and the Tax Administration System (SAT); as well as to register your data in the computer program Single Self-Determination System (SUA).<\/p>\n<p>By providing the owner with their personal data to THE COMPANY, they acknowledge and accept this notice.<\/p>\n<p><strong style=\"font-weight: bold; color: black;\">III.- Transfer of personal data.<\/strong><\/p>\n<p>THE COMPANY to fulfill the purposes described above or those required by law or by competent authority, will only transfer the necessary data in the legally provided cases; In addition to third parties that due to the administration of human resources, social security and benefits granted by the company, said transfer is necessary. We inform you that said transfer does not require your consent in accordance with the applicable regulations.<\/p>\n<p><strong style=\"font-weight: bold; color: black;\">IV.- Means and procedures to exercise any of ARCO's rights, as well as revoke your consent, for the processing of your personal data.<\/strong><\/p>\n<p>At any time, you may exercise any of the rights of access, rectification, cancellation, or opposition in the subsequent rights of ARCO and revoke your consent for the processing of personal data, in order that we stop making use of them; To do this, you must submit your request in writing to the Human Resources Headquarters and\/or the Purchasing Headquarters (as the case may be) of the Company located at Avenida Universidad number 602 interior 10, Colonia Unidad Ganadera in Aguascalientes, Ags.,<strong>\u00a0<\/strong>su petici\u00f3n deber\u00e1 incluir la siguiente informaci\u00f3n:<\/p>\n<p>1.- Full name<\/p>\n<p>2.- Private address, or where appropriate address to hear and receive notifications, and email.<\/p>\n<p>3.- Petition requesting the revocation of personal data.<\/p>\n<p>4.- Within a maximum period of 20 business days we will attend to your request and inform you of its origin, through a letter that will be sent to the address indicated or to the email address indicated.<\/p>\n<p>In the case of requests for rectification, the owner must indicate the modifications to be made and provide the documentation that supports his request.<\/p>\n<p>In the event that the information provided is erroneous or insufficient, or the corresponding accreditation documents are not attached, you will be required to provide the elements or documents necessary to process your request within a term of 10 business days following the notification. , if no response is given within said period, the corresponding request will be deemed not submitted.<\/p>\n<p>You will be notified of the determination adopted, within a period of 20 business days from the day after the request was received, or in the event that additional information was required, it will be resolved within 20 business days after the date you submitted the supplemental information; the foregoing for the purpose that if your request is appropriate, it will be effective within the fifteen days following the notification. The notification of the response to your request will be made at the indicated address or at the indicated email.<\/p>\n<p><strong style=\"font-weight: bold; color: black;\">V.- Modifications to the privacy notice.<\/strong><\/p>\n<p>Likewise, we reserve the right to make, at any time, modifications or updates to this privacy notice, for the attention of legislative reforms or jurisprudential criteria, internal policies or new requirements for the presentation or offer of our services. However, such changes will be announced by:<\/p>\n<p>1.- Visible advertisements in the place where the COMPANY is located<\/p>\n<p>2.- On the COMPANY's website.<\/p>\n<p><strong style=\"font-weight: bold; color: black;\">VI.- To whom can you file a complaint<\/strong><\/p>\n<p>In the event that you consider that your right to the protection of personal data has been injured by any conduct of our employees or our actions, you may file your corresponding complaint or complaint with the IFAI, for more information visit\u00a0<a href=\"http:\/\/www.ifai.org.mx\/\">www.ifai.org.mx<\/a>.<\/p>\n<\/div><div class=\"w-space\" style=\"height:30px\"><\/div><\/div><\/div><div class=\"col col-2\">\r\n    <div class=\"col-inner\"><\/div><\/div><\/div><\/section><section class=\"w-section\">\r\n<div class=\"row\"><div class=\"col col-4\">\r\n    <div class=\"col-inner\"><\/div><\/div><div class=\"col col-4\">\r\n    <div class=\"col-inner\">\n\t<div class=\"wpb_raw_code wpb_content_element wpb_raw_html\" >\n\t\t<div class=\"wpb_wrapper\">\n\t\t\t<a class=\"w-button large\" target=\"_blank\" style=\"\" href=\"http:\/\/alimentospreformados.com.mx\/wp-content\/uploads\/2022\/08\/AVISO-DE-PRIVACIDAD-1.pdf\">\n    <span>Download Privacy Notice<\/span>\n<\/a>\n\t\t<\/div>\n\t<\/div>\n<\/div><\/div><div class=\"col col-4\">\r\n    <div class=\"col-inner\"><\/div><\/div><\/div><\/section><section class=\"w-section\">\r\n<div class=\"row\"><div class=\"col col-12\">\r\n    <div class=\"col-inner\"><div class=\"w-space\" style=\"height:30px\"><\/div><\/div><\/div><\/div><\/section><section class=\"w-section\">\r\n<div class=\"row\"><div class=\"col col-12\">\r\n    <div class=\"col-inner\"><div class=\"w-text-block\">\n    <\/div><\/div><\/div><\/div><\/section><section class=\"w-section w-full no-padding\" style=\"z-index:50\">\r\n<div class=\"row\"><div class=\"col col-12 no-padding\">\r\n    <div class=\"col-inner\"><div class=\"w-section-separator w-1 w-top\">\r\n                <svg xmlns=\"http:\/\/www.w3.org\/2000\/svg\" xmlns:xlink=\"http:\/\/www.w3.org\/1999\/xlink\" viewbox=\"0 0 100 50\" preserveaspectratio=\"none\">\r\n                <polygon fill=\"#3b6299\" points=\"0,0 25,15 25,50 0,50\" \/>\r\n                <polygon fill=\"#3b6299\" points=\"100,0 100,50 75,50\" \/>\r\n                <polygon fill=\"#1f1f1f\" points=\"0,50 25,15 75,48 100,30 100,50\" \/>\r\n            <\/svg>        \r\n                \r\n<\/div><\/div><\/div><\/div><\/section><section class=\"w-section w-text-light l-padding\" style=\"background-color:#1f1f1f\">\r\n<div class=\"section-background\"><div class=\"bg-wrapper bg-image\" style=\"background-image:url(https:\/\/alimentospreformados.com.mx\/wp-content\/uploads\/2022\/08\/hamburguesa-recortada-opaca-640x223-1-1.png);background-position:center center\"><\/div><\/div><div class=\"row\"><div class=\"col col-4\">\r\n    <div class=\"col-inner\"><\/div><\/div><div class=\"col col-4\">\r\n    <div class=\"col-inner\"><\/div><\/div><div class=\"col col-4\">\r\n    <div class=\"col-inner\"><div class=\"w-heading heading-9 text-left\">\r\n    <div class=\"w-wrapper\">\r\n                 \r\n        <h2>           \r\n            <span>CONTACT<\/span>        <\/h2>\r\n                    <\/div>\r\n<\/div><div class=\"w-space\" style=\"height:5px\"><\/div><div class=\"w-text-block\">\n    <p>Please contact us for any<br \/>\nquestion or concern.<\/p>\n<\/div><div class=\"w-separator no-text text-left\" style=\"color:#cccccc;width:100%\">\r\n    <span class=\"w-border-left\" style=\"border-style:dotted;border-top-width:1px;border-color:#cccccc\"><\/span>\r\n    <span class=\"w-text\">\r\n                            <\/span>\r\n    <span class=\"w-border-right\" style=\"border-style:dotted;border-top-width:1px;border-color:#cccccc\"><\/span>\r\n<\/div><div class=\"w-text-block\">\n    <p><a href=\"https:\/\/www.google.com\/maps\/dir\/alimentos+preformados+sa+de+cv\/data=!4m6!4m5!1m1!4e2!1m2!1m1!1s0x8429eefb1db9a9eb:0x71f9c17119f19f3b?sa=X&amp;ved=2ahUKEwj3qNOj2bT3AhX4C0QIHQSLCtoQ9Rd6BAhTEAQ\">Av. Universidad 602 &#8211; 10<\/a><br \/>\n<a href=\"https:\/\/www.google.com\/maps\/dir\/alimentos+preformados+sa+de+cv\/data=!4m6!4m5!1m1!4e2!1m2!1m1!1s0x8429eefb1db9a9eb:0x71f9c17119f19f3b?sa=X&amp;ved=2ahUKEwj3qNOj2bT3AhX4C0QIHQSLCtoQ9Rd6BAhTEAQ\">Col. Unidad Ganadera CP 20130<\/a><br \/>\n<a href=\"https:\/\/www.google.com\/maps\/dir\/alimentos+preformados+sa+de+cv\/data=!4m6!4m5!1m1!4e2!1m2!1m1!1s0x8429eefb1db9a9eb:0x71f9c17119f19f3b?sa=X&amp;ved=2ahUKEwj3qNOj2bT3AhX4C0QIHQSLCtoQ9Rd6BAhTEAQ\">Aguascalientes, M\u00e9xico<\/a><u><a href=\"https:\/\/www.google.com\/maps\/dir\/alimentos+preformados+sa+de+cv\/data=!4m6!4m5!1m1!4e2!1m2!1m1!1s0x8429eefb1db9a9eb:0x71f9c17119f19f3b?sa=X&amp;ved=2ahUKEwj3qNOj2bT3AhX4C0QIHQSLCtoQ9Rd6BAhTEAQ\"><br \/>\n<\/a><\/u>Tel: <a href=\"tel: 449 9143180\">+52 449 914 31 80<\/a><br \/>\nE-mail: <a href=\"mailto:contacto@alimentospreformados.com.mx\">contacto@alimentospreformados.com.mx<\/a><\/p>\n<\/div><div class=\"w-space\" style=\"height:15px\"><\/div><a class=\"w-button vc_custom_1661382932556\" style=\"border-color:#efefef;background-color:#efefef;;color:#000000\" href=\"https:\/\/alimentospreformados.com.mx\/en\/contacto\/\">\r\n    <span>CONTACT US<\/span>\r\n<\/a><div class=\"w-space\" style=\"height:105px\"><\/div><\/div><\/div><\/div><\/section>","protected":false},"excerpt":{"rendered":"AVISO DE PRIVACIDAD I.- Responsable de la Protecci\u00f3n de sus datos personales ALIMENTOS PREFORMADOS S.A. DE C.V., (en lo sucesivo LA EMPRESA) con domicilio ubicado en la calle Avenida Universidad n\u00famero 602 interior 10, Colonia Unidad Ganadera en Aguascalientes,\u00a0Ags., es responsable de recabar sus datos personales, del uso que se le d\u00e9 a los mismos [...]","protected":false},"author":1,"featured_media":0,"parent":0,"menu_order":0,"comment_status":"closed","ping_status":"closed","template":"","meta":{"footnotes":""},"amp_enabled":false,"_links":{"self":[{"href":"https:\/\/alimentospreformados.com.mx\/en\/wp-json\/wp\/v2\/pages\/2516"}],"collection":[{"href":"https:\/\/alimentospreformados.com.mx\/en\/wp-json\/wp\/v2\/pages"}],"about":[{"href":"https:\/\/alimentospreformados.com.mx\/en\/wp-json\/wp\/v2\/types\/page"}],"author":[{"embeddable":true,"href":"https:\/\/alimentospreformados.com.mx\/en\/wp-json\/wp\/v2\/users\/1"}],"replies":[{"embeddable":true,"href":"https:\/\/alimentospreformados.com.mx\/en\/wp-json\/wp\/v2\/comments?post=2516"}],"version-history":[{"count":17,"href":"https:\/\/alimentospreformados.com.mx\/en\/wp-json\/wp\/v2\/pages\/2516\/revisions"}],"predecessor-version":[{"id":9278,"href":"https:\/\/alimentospreformados.com.mx\/en\/wp-json\/wp\/v2\/pages\/2516\/revisions\/9278"}],"wp:attachment":[{"href":"https:\/\/alimentospreformados.com.mx\/en\/wp-json\/wp\/v2\/media?parent=2516"}],"curies":[{"name":"wp","href":"https:\/\/api.w.org\/{rel}","templated":true}]}}