{"id":2295,"date":"2016-01-22T14:17:36","date_gmt":"2016-01-22T14:17:36","guid":{"rendered":"http:\/\/192.168.0.16\/overlap\/?page_id=2295"},"modified":"2024-03-19T16:59:59","modified_gmt":"2024-03-19T16:59:59","slug":"clientes","status":"publish","type":"page","link":"https:\/\/alimentospreformados.com.mx\/en\/clientes\/","title":{"rendered":"Customers"},"content":{"rendered":"<section class=\"w-section w-full no-padding\">\r\n<div class=\"row\"><div class=\"col col-12 no-padding\">\r\n    <div class=\"col-inner\"><\/div><\/div><\/div><\/section><section class=\"w-section w-full no-padding\">\r\n<div class=\"row\"><div class=\"col col-12 no-padding\">\r\n    <div class=\"col-inner\"><div class=\"w-section-separator w-3 w-top\">\r\n                <svg xmlns=\"http:\/\/www.w3.org\/2000\/svg\" xmlns:xlink=\"http:\/\/www.w3.org\/1999\/xlink\" viewbox=\"0 0 100 50\" preserveaspectratio=\"none\">\r\n                <polygon fill=\"#3b6299\" points=\"0,20 30,10 70,30 100,0 100,50 0,50\" \/>\r\n                <polygon fill=\"#ffffff\" points=\"0,50 30,8 70,50 100,30 100,50\" \/>\r\n            <\/svg>          \r\n                \r\n<\/div><\/div><\/div><\/div><\/section><section class=\"w-section\">\r\n<div class=\"row\"><div class=\"col col-4\">\r\n    <div class=\"col-inner\"><div class=\"w-heading heading-3 text-left\">\r\n    <div class=\"w-wrapper\">\r\n                 \r\n        <h2>           \r\n            Our clients        <\/h2>\r\n                 \r\n        <h4 class=\"subheading\">The Best Food For You<\/h4>\r\n            <\/div>\r\n<\/div><div class=\"w-image text-left\">\n                <\/div>\n<div class=\"w-space\" style=\"height:20px\"><\/div><div class=\"w-text-block\">\n    <p>At APSA, we work with our clients every day to offer answers to their business needs. Our customer service is based on building long-term relationships and becoming strategic partners.<\/p>\n<p>We are recognized as the most important frozen food company in the Retail, Food Service and distributor channels, our brands are recognized for their excellent flavor in the seasonings and the consistency of the meat.<\/p>\n<\/div><\/div><\/div><div class=\"col col-8\">\r\n    <div class=\"col-inner\"><div class=\"w-banner w-1 vc_custom_1659972533500\">\n\t    <img decoding=\"async\" src=\"https:\/\/alimentospreformados.com.mx\/wp-content\/uploads\/2022\/08\/iStock-1393629140-1.jpg\" alt=\"\" \/>\n        <div class=\"w-banner-title\" style=\"background-color:#fbb547\">\n        <h2 style=\"color:#000000\">Retail<\/h2>\n        <h2 class=\"subheading\" style=\"color:#ffffff\"><\/h2>\n    <\/div>\n    <\/div>\n\n<div class=\"row\">\r\n    <div class=\"col col-6 no-padding\">\r\n    <div class=\"col-inner\"><div class=\"w-banner w-1 vc_custom_1659972388255\">\n\t    <img decoding=\"async\" src=\"https:\/\/alimentospreformados.com.mx\/wp-content\/uploads\/2022\/08\/iStock-1307190527-Copiar.jpg\" alt=\"\" \/>\n        <div class=\"w-banner-title\" style=\"background-color:#fbb547\">\n        <h2>Food<\/h2>\n        <h2 class=\"subheading\">SERVICE<\/h2>\n    <\/div>\n    <\/div>\n\n<\/div><\/div><div class=\"col col-6 no-padding\">\r\n    <div class=\"col-inner\"><div class=\"w-banner w-1 vc_custom_1659972397303\">\n\t    <img decoding=\"async\" src=\"https:\/\/alimentospreformados.com.mx\/wp-content\/uploads\/2022\/08\/iStock-157649483-1.jpg\" alt=\"\" \/>\n        <div class=\"w-banner-title\" style=\"background-color:#fbb547\">\n        <h2>Distribution<\/h2>\n        <h2 class=\"subheading\"><\/h2>\n    <\/div>\n    <\/div>\n\n<\/div><\/div><\/div><div class=\"w-space\" style=\"height:170px\"><\/div><div class=\"w-text-block\">\n    <\/div><\/div><\/div><\/div><\/section><section class=\"w-section w-full no-padding\">\r\n<div class=\"row\"><div class=\"col col-12 no-padding\">\r\n    <div class=\"col-inner\"><div class=\"w-section-separator w-4 w-top\">\r\n                <svg xmlns=\"http:\/\/www.w3.org\/2000\/svg\" xmlns:xlink=\"http:\/\/www.w3.org\/1999\/xlink\" viewbox=\"0 0 100 50\" preserveaspectratio=\"none\">\r\n                <polygon fill=\"#3b6299\" points=\"0,25 30,48 83,0 100,48 100,50 0,50\" \/>\r\n                <polygon fill=\"#000000\" points=\"0,50 15,35 30,48 80,20 100,50\" \/>\r\n            <\/svg>          \r\n                \r\n<\/div><\/div><\/div><\/div><\/section><section class=\"w-section w-full w-text-light xl-padding w-parallax\">\r\n<div class=\"section-background\"><div class=\"bg-wrapper bg-image\" style=\"background-image:url(https:\/\/alimentospreformados.com.mx\/wp-content\/uploads\/2022\/08\/iStock-543441106-scaled.jpg);background-position:center center\"><\/div><\/div><div class=\"row\"><div class=\"col col-12 hidden-md hidden-sm hidden-xs no-padding text-center\">\r\n    <div class=\"col-inner\"><div class=\"w-custom-heading\">\n    <h1 style=\"font-size: 65px;line-height: 70px;text-align: center;font-family:Roboto Condensed;font-weight:700;font-style:normal\">    These are some of our customers    <\/h1><\/div><div class=\"w-custom-heading\">\n    <h1 style=\"font-size: 65px;line-height: 70px;text-align: center;font-family:Roboto Condensed;font-weight:700;font-style:normal\">    who have trusted us    <\/h1><\/div><div class=\"w-space\" style=\"height:30px\"><\/div><\/div><\/div><\/div><\/section><section class=\"w-section w-full no-padding\" style=\"z-index:50\">\r\n<div class=\"row\"><div class=\"col col-12 no-padding\">\r\n    <div class=\"col-inner\"><div class=\"w-section-separator w-1 w-bottom\">\r\n                <svg xmlns=\"http:\/\/www.w3.org\/2000\/svg\" xmlns:xlink=\"http:\/\/www.w3.org\/1999\/xlink\" viewbox=\"0 0 100 50\" preserveaspectratio=\"none\">\r\n                <polygon fill=\"#072142\" points=\"0,0 25,15 25,50 0,50\" \/>\r\n                <polygon fill=\"#072142\" points=\"100,0 100,50 75,50\" \/>\r\n                <polygon fill=\"#000000\" points=\"0,50 25,15 75,48 100,30 100,50\" \/>\r\n            <\/svg>        \r\n                \r\n<\/div><\/div><\/div><\/div><\/section><section class=\"w-section w-text-light xl-padding\" style=\"background-color:#000000\">\r\n<div class=\"section-background\"><div class=\"bg-wrapper bg-image\" style=\"background-image:url(https:\/\/alimentospreformados.com.mx\/wp-content\/uploads\/2022\/08\/iStock-1212146401.jpg);background-position:center center\"><\/div><div class=\"bg-overlay\" style=\"background-color:#614b3d\"><\/div><\/div><div class=\"row\"><div class=\"col col-12\">\r\n    <div class=\"col-inner\"><div class=\"row\">\r\n    <div class=\"col col-12 hidden-md hidden-sm hidden-xs\">\r\n    <div class=\"col-inner\"><div class=\"w-space\" style=\"height:50px\"><\/div><\/div><\/div><\/div><div class=\"row\">\r\n    <div class=\"col col-3\">\r\n    <div class=\"col-inner\"><div class=\"w-image text-center\">\n            <img loading=\"lazy\" decoding=\"async\" width=\"216\" height=\"216\" src=\"https:\/\/alimentospreformados.com.mx\/wp-content\/uploads\/2022\/08\/Logo-City-Club-1-1.png\" class=\"attachment-full size-full\" alt=\"\" srcset=\"https:\/\/alimentospreformados.com.mx\/wp-content\/uploads\/2022\/08\/Logo-City-Club-1-1.png 216w, https:\/\/alimentospreformados.com.mx\/wp-content\/uploads\/2022\/08\/Logo-City-Club-1-1-150x150.png 150w\" sizes=\"(max-width: 216px) 100vw, 216px\" \/>    <\/div>\n<div class=\"w-space\" style=\"height:20px\"><\/div><div class=\"w-image text-center\">\n            <img loading=\"lazy\" decoding=\"async\" width=\"180\" height=\"216\" src=\"https:\/\/alimentospreformados.com.mx\/wp-content\/uploads\/2022\/08\/Casa-Ley-1.png\" class=\"attachment-full size-full\" alt=\"\" \/>    <\/div>\n<div class=\"w-space\" style=\"height:20px\"><\/div><div class=\"w-image text-center\">\n            <img loading=\"lazy\" decoding=\"async\" width=\"216\" height=\"216\" src=\"https:\/\/alimentospreformados.com.mx\/wp-content\/uploads\/2022\/08\/Merco.png\" class=\"attachment-full size-full\" alt=\"\" srcset=\"https:\/\/alimentospreformados.com.mx\/wp-content\/uploads\/2022\/08\/Merco.png 216w, https:\/\/alimentospreformados.com.mx\/wp-content\/uploads\/2022\/08\/Merco-150x150.png 150w\" sizes=\"(max-width: 216px) 100vw, 216px\" \/>    <\/div>\n<\/div><\/div><div class=\"col col-3\">\r\n    <div class=\"col-inner\"><div class=\"w-space\" style=\"height:68px\"><\/div><div class=\"w-image text-center\">\n            <img loading=\"lazy\" decoding=\"async\" width=\"1100\" height=\"255\" src=\"https:\/\/alimentospreformados.com.mx\/wp-content\/uploads\/2022\/08\/WALMART-LOGO-3.jpg\" class=\"attachment-full size-full\" alt=\"\" srcset=\"https:\/\/alimentospreformados.com.mx\/wp-content\/uploads\/2022\/08\/WALMART-LOGO-3.jpg 1100w, https:\/\/alimentospreformados.com.mx\/wp-content\/uploads\/2022\/08\/WALMART-LOGO-3-300x70.jpg 300w, https:\/\/alimentospreformados.com.mx\/wp-content\/uploads\/2022\/08\/WALMART-LOGO-3-1024x237.jpg 1024w, https:\/\/alimentospreformados.com.mx\/wp-content\/uploads\/2022\/08\/WALMART-LOGO-3-768x178.jpg 768w, https:\/\/alimentospreformados.com.mx\/wp-content\/uploads\/2022\/08\/WALMART-LOGO-3-640x148.jpg 640w\" sizes=\"(max-width: 1100px) 100vw, 1100px\" \/>    <\/div>\n<div class=\"w-space\" style=\"height:140px\"><\/div><div class=\"w-image text-center\">\n            <img loading=\"lazy\" decoding=\"async\" width=\"180\" height=\"134\" src=\"https:\/\/alimentospreformados.com.mx\/wp-content\/uploads\/2022\/08\/chedrawei-el-ultimo-hecho-Copiar-1.png\" class=\"attachment-full size-full\" alt=\"\" \/>    <\/div>\n<div class=\"w-space\" style=\"height:80px\"><\/div><div class=\"w-image text-center\">\n            <img loading=\"lazy\" decoding=\"async\" width=\"170\" height=\"165\" src=\"https:\/\/alimentospreformados.com.mx\/wp-content\/uploads\/2022\/08\/soriana-1-1.png\" class=\"attachment-full size-full\" alt=\"\" \/>    <\/div>\n<\/div><\/div><div class=\"col col-3\">\r\n    <div class=\"col-inner\"><div class=\"w-image text-center\">\n            <img loading=\"lazy\" decoding=\"async\" width=\"216\" height=\"216\" src=\"https:\/\/alimentospreformados.com.mx\/wp-content\/uploads\/2022\/08\/BK-removebg-preview.png\" class=\"attachment-full size-full\" alt=\"\" srcset=\"https:\/\/alimentospreformados.com.mx\/wp-content\/uploads\/2022\/08\/BK-removebg-preview.png 216w, https:\/\/alimentospreformados.com.mx\/wp-content\/uploads\/2022\/08\/BK-removebg-preview-150x150.png 150w\" sizes=\"(max-width: 216px) 100vw, 216px\" \/>    <\/div>\n<div class=\"w-space\" style=\"height:60px\"><\/div><div class=\"w-image text-center\">\n            <img loading=\"lazy\" decoding=\"async\" width=\"149\" height=\"150\" src=\"https:\/\/alimentospreformados.com.mx\/wp-content\/uploads\/2022\/08\/Pizza-Hut-2-150.png\" class=\"attachment-full size-full\" alt=\"\" \/>    <\/div>\n<div class=\"w-space\" style=\"height:105px\"><\/div><div class=\"w-image text-center\">\n            <img loading=\"lazy\" decoding=\"async\" width=\"216\" height=\"108\" src=\"https:\/\/alimentospreformados.com.mx\/wp-content\/uploads\/2022\/08\/GRAN-D-Copiar.png\" class=\"attachment-full size-full\" alt=\"\" \/>    <\/div>\n<\/div><\/div><div class=\"col col-3\">\r\n    <div class=\"col-inner\"><div class=\"w-image text-center\">\n            <img loading=\"lazy\" decoding=\"async\" width=\"216\" height=\"216\" src=\"https:\/\/alimentospreformados.com.mx\/wp-content\/uploads\/2022\/08\/chilis_8-removebg-preview-1.png\" class=\"attachment-full size-full\" alt=\"\" srcset=\"https:\/\/alimentospreformados.com.mx\/wp-content\/uploads\/2022\/08\/chilis_8-removebg-preview-1.png 216w, https:\/\/alimentospreformados.com.mx\/wp-content\/uploads\/2022\/08\/chilis_8-removebg-preview-1-150x150.png 150w\" sizes=\"(max-width: 216px) 100vw, 216px\" \/>    <\/div>\n<div class=\"w-space\" style=\"height:20px\"><\/div><div class=\"w-image text-center\">\n            <img loading=\"lazy\" decoding=\"async\" width=\"216\" height=\"216\" src=\"https:\/\/alimentospreformados.com.mx\/wp-content\/uploads\/2022\/08\/heb-Copiar.png\" class=\"attachment-full size-full\" alt=\"\" srcset=\"https:\/\/alimentospreformados.com.mx\/wp-content\/uploads\/2022\/08\/heb-Copiar.png 216w, https:\/\/alimentospreformados.com.mx\/wp-content\/uploads\/2022\/08\/heb-Copiar-150x150.png 150w\" sizes=\"(max-width: 216px) 100vw, 216px\" \/>    <\/div>\n<div class=\"w-space\" style=\"height:45px\"><\/div><div class=\"w-image text-center\">\n            <img loading=\"lazy\" decoding=\"async\" width=\"180\" height=\"143\" src=\"https:\/\/alimentospreformados.com.mx\/wp-content\/uploads\/2022\/08\/s-mart-logo-EC27F59333-seeklogo.com-1.png\" class=\"attachment-full size-full\" alt=\"\" \/>    <\/div>\n<\/div><\/div><\/div><div class=\"row\">\r\n    <div class=\"col col-12 hidden-md hidden-sm hidden-xs\">\r\n    <div class=\"col-inner\"><div class=\"w-space\" style=\"height:50px\"><\/div><\/div><\/div><\/div><\/div><\/div><\/div><\/section><section class=\"w-section w-full no-padding\">\r\n<div class=\"row\"><div class=\"col col-12 no-padding\">\r\n    <div class=\"col-inner\"><div class=\"w-section-separator w-2 w-top\">\r\n                <svg xmlns=\"http:\/\/www.w3.org\/2000\/svg\" xmlns:xlink=\"http:\/\/www.w3.org\/1999\/xlink\" viewbox=\"0 0 100 50\" preserveaspectratio=\"none\">\r\n                <polygon fill=\"#cccccc\" points=\"0,25 40,0 60,48 0,50\" \/>\r\n                <polygon fill=\"#ffffff\" points=\"0,50 38,25 60,48 100,0 100,50\" \/>\r\n            <\/svg>           \r\n                \r\n<\/div><\/div><\/div><\/div><\/section><section class=\"w-section\">\r\n<div class=\"row\"><div class=\"col col-12\">\r\n    <div class=\"col-inner\"><div class=\"w-text-block\">\n    <\/div><\/div><\/div><\/div><\/section><section class=\"w-section\">\r\n<div class=\"row\"><div class=\"col col-12 l-padding vc_custom_1466749828908\">\r\n    <div class=\"col-inner\"><div class=\"w-heading heading-2 text-center\">\r\n    <div class=\"w-wrapper\">\r\n                 \r\n        <h2>           \r\n            Talk to an expert from our supply chain        <\/h2>\r\n                    <\/div>\r\n<\/div><div class=\"w-space\" style=\"height:40px\"><\/div><div class=\"w-image text-center\">\n            <img loading=\"lazy\" decoding=\"async\" width=\"350\" height=\"233\" src=\"https:\/\/alimentospreformados.com.mx\/wp-content\/uploads\/2022\/08\/iStock-1223044329-Copiar.jpg\" class=\"attachment-full size-full\" alt=\"\" srcset=\"https:\/\/alimentospreformados.com.mx\/wp-content\/uploads\/2022\/08\/iStock-1223044329-Copiar.jpg 350w, https:\/\/alimentospreformados.com.mx\/wp-content\/uploads\/2022\/08\/iStock-1223044329-Copiar-300x200.jpg 300w\" sizes=\"(max-width: 350px) 100vw, 350px\" \/>    <\/div>\n<div class=\"row\">\r\n    <div class=\"col col-3 hidden-md hidden-sm hidden-xs\">\r\n    <div class=\"col-inner\"><\/div><\/div><div class=\"col col-6 col-lg-6 col-md-12\">\r\n    <div class=\"col-inner\"><div class=\"w-text-block\">\n    <\/div><\/div><\/div><div class=\"col col-3 hidden-md hidden-sm hidden-xs\">\r\n    <div class=\"col-inner\"><\/div><\/div><\/div><div class=\"w-space\" style=\"height:40px\"><\/div><\/div><\/div><\/div><\/section><section class=\"w-section w-full no-padding\" style=\"z-index:50\">\r\n<div class=\"row\"><div class=\"col col-12 no-padding\">\r\n    <div class=\"col-inner\"><div class=\"w-section-separator w-3 w-bottom\">\r\n                <svg xmlns=\"http:\/\/www.w3.org\/2000\/svg\" xmlns:xlink=\"http:\/\/www.w3.org\/1999\/xlink\" viewbox=\"0 0 100 50\" preserveaspectratio=\"none\">\r\n                <polygon fill=\"#cccccc\" points=\"0,20 30,10 70,30 100,0 100,50 0,50\" \/>\r\n                <polygon fill=\"#f5f5f5\" points=\"0,50 30,8 70,50 100,30 100,50\" \/>\r\n            <\/svg>          \r\n                \r\n<\/div><\/div><\/div><\/div><\/section><section class=\"w-section w-full w-text-light\" style=\"background-color:#1e73be\">\r\n<div class=\"row\"><div class=\"col col-12 no-padding text-center\">\r\n    <div class=\"col-inner\"><div class=\"w-space\" style=\"height:100px\"><\/div><div class=\"w-heading heading-2 text-center\">\r\n    <div class=\"w-wrapper\">\r\n                 \r\n        <h2>           \r\n            8 reasons that distinguish us        <\/h2>\r\n                    <\/div>\r\n<\/div><div class=\"w-space\" style=\"height:50px\"><\/div><div class=\"row w-align-middle w-row-flex w-text-light\">\r\n    <div class=\"col col-4\">\r\n    <div class=\"col-inner\"><div class=\"w-heading heading-6\">\r\n    <div class=\"w-wrapper\">\r\n         \r\n        <h4 class=\"subheading\" style=\"color:#ffffff\">+25 Years developing frozen products<\/h4>\r\n                 \r\n        <h2 style=\"color:#3ab45a\">           \r\n            01        <\/h2>\r\n                    <\/div>\r\n<\/div><div class=\"w-space\" style=\"height:30px\"><\/div><div class=\"w-heading heading-6\">\r\n    <div class=\"w-wrapper\">\r\n         \r\n        <h4 class=\"subheading\" style=\"color:#ffffff\">Various distribution channels<\/h4>\r\n                 \r\n        <h2 style=\"color:#3ab45a\">           \r\n            02        <\/h2>\r\n                    <\/div>\r\n<\/div><div class=\"w-space\" style=\"height:30px\"><\/div><div class=\"w-heading heading-6\">\r\n    <div class=\"w-wrapper\">\r\n         \r\n        <h4 class=\"subheading\" style=\"color:#ffffff\">Various market segments<\/h4>\r\n                 \r\n        <h2 style=\"color:#3ab45a\">           \r\n            03        <\/h2>\r\n                    <\/div>\r\n<\/div><div class=\"w-space\" style=\"height:30px\"><\/div><div class=\"w-heading heading-6\">\r\n    <div class=\"w-wrapper\">\r\n         \r\n        <h4 class=\"subheading\" style=\"color:#ffffff\">National coverage<\/h4>\r\n                 \r\n        <h2 style=\"color:#3ab45a\">           \r\n            04        <\/h2>\r\n                    <\/div>\r\n<\/div><div class=\"w-space\" style=\"height:40px\"><\/div><\/div><\/div><div class=\"col col-4\">\r\n    <div class=\"col-inner\"><div class=\"w-image text-center\">\n            <img loading=\"lazy\" decoding=\"async\" width=\"425\" height=\"224\" src=\"https:\/\/alimentospreformados.com.mx\/wp-content\/uploads\/2022\/08\/LogoAPSA4.png\" class=\"attachment-full size-full\" alt=\"\" srcset=\"https:\/\/alimentospreformados.com.mx\/wp-content\/uploads\/2022\/08\/LogoAPSA4.png 425w, https:\/\/alimentospreformados.com.mx\/wp-content\/uploads\/2022\/08\/LogoAPSA4-300x158.png 300w\" sizes=\"(max-width: 425px) 100vw, 425px\" \/>    <\/div>\n<div class=\"w-space\" style=\"height:70px\"><\/div><\/div><\/div><div class=\"col col-4\">\r\n    <div class=\"col-inner\"><div class=\"w-heading heading-5\">\r\n    <div class=\"w-wrapper\">\r\n                 \r\n        <h2 style=\"color:#3ab45a\">           \r\n            05        <\/h2>\r\n                 \r\n        <h4 class=\"subheading\" style=\"color:#ffffff\">Price competitiveness with certified quality<\/h4>\r\n            <\/div>\r\n<\/div><div class=\"w-space\" style=\"height:30px\"><\/div><div class=\"w-heading heading-5\">\r\n    <div class=\"w-wrapper\">\r\n                 \r\n        <h2 style=\"color:#3ab45a\">           \r\n            06        <\/h2>\r\n                 \r\n        <h4 class=\"subheading\" style=\"color:#ffffff\">Brand positioning<\/h4>\r\n            <\/div>\r\n<\/div><div class=\"w-space\" style=\"height:30px\"><\/div><div class=\"w-heading heading-5\">\r\n    <div class=\"w-wrapper\">\r\n                 \r\n        <h2 style=\"color:#3ab45a\">           \r\n            07        <\/h2>\r\n                 \r\n        <h4 class=\"subheading\" style=\"color:#ffffff\">Supply capacity<\/h4>\r\n            <\/div>\r\n<\/div><div class=\"w-space\" style=\"height:30px\"><\/div><div class=\"w-heading heading-5\">\r\n    <div class=\"w-wrapper\">\r\n                 \r\n        <h2 style=\"color:#3ab45a\">           \r\n            08        <\/h2>\r\n                 \r\n        <h4 class=\"subheading\" style=\"color:#ffffff\">Unique and exquisite flavors<\/h4>\r\n            <\/div>\r\n<\/div><div class=\"w-space\" style=\"height:40px\"><\/div><\/div><\/div><\/div><\/div><\/div><div class=\"w-space\" style=\"height:100px\"><\/div><\/div><\/section><section class=\"w-section w-full no-padding\" style=\"z-index:50\">\r\n<div class=\"row\"><div class=\"col col-12 no-padding\">\r\n    <div class=\"col-inner\"><div class=\"w-section-separator w-1 w-top\">\r\n                <svg xmlns=\"http:\/\/www.w3.org\/2000\/svg\" xmlns:xlink=\"http:\/\/www.w3.org\/1999\/xlink\" viewbox=\"0 0 100 50\" preserveaspectratio=\"none\">\r\n                <polygon fill=\"#3b6299\" points=\"0,0 25,15 25,50 0,50\" \/>\r\n                <polygon fill=\"#3b6299\" points=\"100,0 100,50 75,50\" \/>\r\n                <polygon fill=\"#1f1f1f\" points=\"0,50 25,15 75,48 100,30 100,50\" \/>\r\n            <\/svg>        \r\n                \r\n<\/div><\/div><\/div><\/div><\/section><section class=\"w-section w-text-light l-padding\" style=\"background-color:#1f1f1f\">\r\n<div class=\"section-background\"><div class=\"bg-wrapper bg-image\" style=\"background-image:url(https:\/\/alimentospreformados.com.mx\/wp-content\/uploads\/2022\/08\/hamburguesa-recortada-opaca-640x223-1.png);background-position:center center\"><\/div><\/div><div class=\"row\"><div class=\"col col-4\">\r\n    <div class=\"col-inner\"><\/div><\/div><div class=\"col col-4\">\r\n    <div class=\"col-inner\"><\/div><\/div><div class=\"col col-4\">\r\n    <div class=\"col-inner\"><div class=\"w-heading heading-9 text-left\">\r\n    <div class=\"w-wrapper\">\r\n                 \r\n        <h2>           \r\n            <span>CONTACT<\/span>        <\/h2>\r\n                    <\/div>\r\n<\/div><div class=\"w-space\" style=\"height:5px\"><\/div><div class=\"w-text-block\">\n    <p>Please contact us for any<br \/>\nquestion or concern.<\/p>\n<\/div><div class=\"w-separator no-text text-left\" style=\"color:#cccccc;width:100%\">\r\n    <span class=\"w-border-left\" style=\"border-style:dotted;border-top-width:1px;border-color:#cccccc\"><\/span>\r\n    <span class=\"w-text\">\r\n                            <\/span>\r\n    <span class=\"w-border-right\" style=\"border-style:dotted;border-top-width:1px;border-color:#cccccc\"><\/span>\r\n<\/div><div class=\"w-text-block\">\n    <p><a href=\"https:\/\/www.google.com\/maps\/dir\/alimentos+preformados+sa+de+cv\/data=!4m6!4m5!1m1!4e2!1m2!1m1!1s0x8429eefb1db9a9eb:0x71f9c17119f19f3b?sa=X&amp;ved=2ahUKEwj3qNOj2bT3AhX4C0QIHQSLCtoQ9Rd6BAhTEAQ\">Av. Universidad 602 &#8211; 10<\/a><br \/>\n<a href=\"https:\/\/www.google.com\/maps\/dir\/alimentos+preformados+sa+de+cv\/data=!4m6!4m5!1m1!4e2!1m2!1m1!1s0x8429eefb1db9a9eb:0x71f9c17119f19f3b?sa=X&amp;ved=2ahUKEwj3qNOj2bT3AhX4C0QIHQSLCtoQ9Rd6BAhTEAQ\">Col. Unidad Ganadera CP 20130<\/a><br \/>\n<a href=\"https:\/\/www.google.com\/maps\/dir\/alimentos+preformados+sa+de+cv\/data=!4m6!4m5!1m1!4e2!1m2!1m1!1s0x8429eefb1db9a9eb:0x71f9c17119f19f3b?sa=X&amp;ved=2ahUKEwj3qNOj2bT3AhX4C0QIHQSLCtoQ9Rd6BAhTEAQ\">Aguascalientes, M\u00e9xico<\/a><u><a href=\"https:\/\/www.google.com\/maps\/dir\/alimentos+preformados+sa+de+cv\/data=!4m6!4m5!1m1!4e2!1m2!1m1!1s0x8429eefb1db9a9eb:0x71f9c17119f19f3b?sa=X&amp;ved=2ahUKEwj3qNOj2bT3AhX4C0QIHQSLCtoQ9Rd6BAhTEAQ\"><br \/>\n<\/a><\/u>Tel: <a href=\"tel: 4499143180\">+52 449 914 31 80<\/a><br \/>\nE-mail: <a href=\"mailto:contacto@alimentospreformados.com.mx\">contacto@alimentospreformados.com.mx<\/a><\/p>\n<\/div><div class=\"w-space\" style=\"height:15px\"><\/div><a class=\"w-button vc_custom_1661379474677\" style=\"border-color:#efefef;background-color:#efefef;;color:#000000\" href=\"https:\/\/alimentospreformados.com.mx\/en\/contacto\/\">\r\n    <span>CONTACT US<\/span>\r\n<\/a><div class=\"w-space\" style=\"height:105px\"><\/div><\/div><\/div><\/div><\/section><div class=\"col col-12\">\r\n    <div class=\"col-inner\"><div class=\"w-text-block\">\n    <\/div><\/div><\/div>","protected":false},"excerpt":{"rendered":"Nuestros Clientes The Best Food For You En APSA, trabajamos con nuestros clientes todos los d\u00edas para ofrecer respuestas a sus necesidades de negocio. Nuestro servicio al cliente est\u00e1 basado en construir relaciones a largo plazo y convertirnos en socios estrat\u00e9gicos. Somos reconocidos como la empresa de congelados m\u00e1s importante en los canales de Retail, [...]","protected":false},"author":1,"featured_media":0,"parent":0,"menu_order":0,"comment_status":"closed","ping_status":"closed","template":"","meta":{"footnotes":""},"amp_enabled":false,"_links":{"self":[{"href":"https:\/\/alimentospreformados.com.mx\/en\/wp-json\/wp\/v2\/pages\/2295"}],"collection":[{"href":"https:\/\/alimentospreformados.com.mx\/en\/wp-json\/wp\/v2\/pages"}],"about":[{"href":"https:\/\/alimentospreformados.com.mx\/en\/wp-json\/wp\/v2\/types\/page"}],"author":[{"embeddable":true,"href":"https:\/\/alimentospreformados.com.mx\/en\/wp-json\/wp\/v2\/users\/1"}],"replies":[{"embeddable":true,"href":"https:\/\/alimentospreformados.com.mx\/en\/wp-json\/wp\/v2\/comments?post=2295"}],"version-history":[{"count":27,"href":"https:\/\/alimentospreformados.com.mx\/en\/wp-json\/wp\/v2\/pages\/2295\/revisions"}],"predecessor-version":[{"id":9275,"href":"https:\/\/alimentospreformados.com.mx\/en\/wp-json\/wp\/v2\/pages\/2295\/revisions\/9275"}],"wp:attachment":[{"href":"https:\/\/alimentospreformados.com.mx\/en\/wp-json\/wp\/v2\/media?parent=2295"}],"curies":[{"name":"wp","href":"https:\/\/api.w.org\/{rel}","templated":true}]}}